{"id":71756,"date":"2021-09-06T10:43:03","date_gmt":"2021-09-06T08:43:03","guid":{"rendered":"https:\/\/www.kovinski-izdelki.si\/?page_id=71756"},"modified":"2023-11-13T11:05:56","modified_gmt":"2023-11-13T10:05:56","slug":"projects","status":"publish","type":"page","link":"https:\/\/www.kovinski-izdelki.si\/si\/projects\/","title":{"rendered":"Projects"},"content":{"rendered":"<p>[vc_row type=&#8221;container&#8221;][vc_column][vc_column_text]<strong>PROJEKT: \u00bbNakup kompleksnega sistema dveh CNC celic\u00ab<\/strong><\/p>\n<p><strong>NA\u010cRT ZA OKREVANJE IN ODPORNOST:<\/strong><\/p>\n<p>C3K2: Dvig produktivnosti, prijazno poslovno okolje za investitorje. Podpora investicijam za ve\u010djo produktivnost, konkuren\u010dnost, odpornost in dekarbonizacijo gospodarstva ter za ohranjanje in nastajanje delovnih mest.<\/p>\n<p><strong>OPIS PROJEKTA: <\/strong><\/p>\n<p>Investicija v CNC stru\u017enico z avtomatskim oddajnikom materiala ter kontinuiranim transporterjem ostru\u017ekov.<\/p>\n<p>Prva faza investicije je kompleksna CNC obdelovalna celica Miyano BNJ-42SY6, opremljen z FMB dodajalnikom materiala in LNS transporterjem ostru\u017ekov.<\/p>\n<p>Druga faza\u00a0 investicije je kompleksna CNC obdelovalna celica CITIZEN L32 LFV, opremljen z FMB dodajalnikom materiala in LNS transporterjem ostru\u017ekov.<\/p>\n<p><strong>VREDNOST PROJEKTA:<\/strong> 578.280,00 \u20ac<\/p>\n<p><strong>DATUM PRI\u010cETKA PROJEKTA: 01.07.2023<\/strong><\/p>\n<p><strong>DATUM ZAKLJU\u010cKA PROJEKTA: 30.09.2024<\/strong><\/p>\n<p><strong><a href=\"https:\/\/next-generation-eu.europa.eu\/index_sl\" target=\"_blank\" rel=\"noopener\"><img loading=\"lazy\" decoding=\"async\" width=\"505\" height=\"76\" class=\"alignnone size-full wp-image-71834\" src=\"https:\/\/www.kovinski-izdelki.si\/wp-content\/uploads\/2023\/11\/nob.png\" alt=\"\" srcset=\"https:\/\/www.kovinski-izdelki.si\/wp-content\/uploads\/2023\/11\/nob.png 505w, https:\/\/www.kovinski-izdelki.si\/wp-content\/uploads\/2023\/11\/nob-300x45.png 300w\" sizes=\"auto, (max-width: 505px) 100vw, 505px\" \/><\/a>\u00a0<\/strong><\/p>\n<p><strong>CILJI PROJEKTA:<\/strong><\/p>\n<ul>\n<li>Dvig dodane vrednosti na zaposlenega<\/li>\n<li>Zmanj\u0161anje porabe energije na enoto proizvoda<\/li>\n<li>Zmanj\u0161anje porabe surovin na 1000 enot proizvoda.<\/li>\n<\/ul>\n<hr \/>\n<p><strong>JAVNI RAZPIS ZA POUKREP 6.4<\/strong><\/p>\n<p><strong>JAVNI RAZPIS\u00a0 &#8211; PODUKREP 6.4 \u2013 PODPORA ZA NALO\u017dBE V VZPOSTAVITEV IN RAZVOJ NEKMETIJSKIH DEJAVNOSTI<\/strong><\/p>\n<p><strong>NAZIV AKTIVNOSTI: Investicja v pralno napravo, CNC stroj, nadstre\u0161ek in vodohram<\/strong><\/p>\n<p><strong>OPIS AKTIVNOSTI:<\/strong><\/p>\n<p>Izvedena je bila investicija v modernizacijo tehnolo\u0161ke opreme ter v vodno infrastrukturo. Izvedla se je investicija v:<\/p>\n<ul>\n<li>Pralno napravo za kovinske izdelke<\/li>\n<li>CNC stru\u017enico<\/li>\n<li>Vodohram<\/li>\n<li>Nadstre\u0161ek<\/li>\n<\/ul>\n<p>Vsak\u00a0 od investicijskih sklopov bo pozitivno vplival na ve\u010djo produktivnost, manj\u0161o porabo vode, zmanj\u0161anje izpustov CO2, zmanj\u0161anje nevarnih odpadkov.<\/p>\n<p>CILJI IN PRI\u010cAKOVANI REZULTATI:<\/p>\n<table>\n<tbody>\n<tr>\n<td width=\"151\"><strong>Investicija<\/strong><\/td>\n<td width=\"217\"><strong>Cilj<\/strong><\/td>\n<td width=\"227\"><strong>Pri\u010dakovan rezultat<\/strong><\/td>\n<\/tr>\n<tr>\n<td rowspan=\"4\" width=\"151\">Pralno napravo za kovinske izdelke ter CNC stroj<\/td>\n<td width=\"217\">Zmanj\u0161anje izpustov CO2<\/td>\n<td width=\"227\">58.843,2 kg majn izpustov<\/td>\n<\/tr>\n<tr>\n<td width=\"217\">Zmanj\u0161anje proizvedenih radioaktivnih odpadkih<\/td>\n<td width=\"227\">163.380.480 \u03bcg<\/td>\n<\/tr>\n<tr>\n<td width=\"217\">Zmanj\u0161anje porabe kemikalij<\/td>\n<td width=\"227\">Zmanj\u0161ane porabe hidrokarbona za 48%<\/td>\n<\/tr>\n<tr>\n<td width=\"217\">Zmanj\u0161anje koli\u010dine odpadkov<\/td>\n<td width=\"227\">Zmanj\u0161ane koli\u010dine nevernih odpadkov za 47%<\/td>\n<\/tr>\n<tr>\n<td width=\"151\">vodohram<\/td>\n<td width=\"217\">Zmanj\u0161ana poraba pitne vode<\/td>\n<td width=\"227\">Zmanj\u0161anje porabe za vsaj 26%<\/td>\n<\/tr>\n<\/tbody>\n<\/table>\n<p>POVEZAVE:<\/p>\n<p><a href=\"https:\/\/ec.europa.eu\/info\/food-farming-fisheries\/key-policies\/common-agricultural-policy\/rural-development\">https:\/\/ec.europa.eu\/info\/food-farming-fisheries\/key-policies\/common-agricultural-policy\/rural-development<\/a><\/p>\n<p><a href=\"http:\/\/www.program-podezelja.si\/\">www.program-podezelja.si\/<\/a><\/p>\n<p>VIR FINANCIRANJA:<br \/>\n&#8211; Delno lastna sredstva.<br \/>\n&#8211; Nalo\u017eeno sofinancira Program razvoja pode\u017eelja 2014\u20132020.<br \/>\n&#8211; <a href=\"http:\/\/www.program-podezelja.si\/\">www.program-podezelja.si\/<\/a><\/p>\n<p><a href=\"https:\/\/commission.europa.eu\/select-language?destination=\/node\/2023\"><img loading=\"lazy\" decoding=\"async\" width=\"300\" height=\"88\" class=\"alignnone size-medium wp-image-71781\" src=\"https:\/\/www.kovinski-izdelki.si\/wp-content\/uploads\/2023\/04\/Screenshot_138-300x88.jpg\" alt=\"\" srcset=\"https:\/\/www.kovinski-izdelki.si\/wp-content\/uploads\/2023\/04\/Screenshot_138-300x88.jpg 300w, https:\/\/www.kovinski-izdelki.si\/wp-content\/uploads\/2023\/04\/Screenshot_138.jpg 619w\" sizes=\"auto, (max-width: 300px) 100vw, 300px\" \/><\/a><\/p>\n<p><a href=\"http:\/\/www.program-podezelja.si\/\"><img loading=\"lazy\" decoding=\"async\" width=\"300\" height=\"168\" class=\"alignnone size-medium wp-image-71794\" src=\"https:\/\/www.kovinski-izdelki.si\/wp-content\/uploads\/2023\/05\/prorampodezelja-300x168.png\" alt=\"\" srcset=\"https:\/\/www.kovinski-izdelki.si\/wp-content\/uploads\/2023\/05\/prorampodezelja-300x168.png 300w, https:\/\/www.kovinski-izdelki.si\/wp-content\/uploads\/2023\/05\/prorampodezelja.png 328w\" sizes=\"auto, (max-width: 300px) 100vw, 300px\" \/><\/a><\/p>\n<hr \/>\n<p><strong>PROJEKT: NABAVA CNC STROJA <\/strong>Miyano BNJ42 SY<\/p>\n<p><strong>OPIS PROJEKTA:<\/strong><\/p>\n<p>Smo kovinsko podjetje s tradicijo od leta 1984 na obmejnem problemskem obmo\u010dju v ob\u010dini Kobarid, ki nas je mo\u010dno prizadela kriza COVID-19.<\/p>\n<p>S projektom ponovnega zagona poslovanja v operaciji, ki sta jo sofinancirala Republika Slovenija Ministrstvo za gospodarski razvoj in tehnologijo in Evropska unija iz Evropskega sklada za regionalni razvoj smo uspeli ohraniti vseh 31 delovnih mest in posodobiti poslovanje z nabavo novih osnovnih sredstev.<\/p>\n<p><strong>VREDNOST PROJEKTA:<\/strong><\/p>\n<p>Skupna vrednost projekta zna\u0161a 230.000 \u20ac<\/p>\n<p><strong>VIRI FINANCIRANJA:<\/strong><\/p>\n<ul>\n<li>delno lastna sredstva<\/li>\n<\/ul>\n<ul>\n<li>Nalo\u017ebo sofinancirata RS in EU iz Evropskega sklada za regionalni razvoj (<a href=\"http:\/\/www.eu-skladi.si\">eu-skladi.si<\/a>)<\/li>\n<\/ul>\n<p><img loading=\"lazy\" decoding=\"async\" width=\"300\" height=\"109\" class=\"alignnone size-medium wp-image-71757\" src=\"https:\/\/www.kovinski-izdelki.si\/wp-content\/uploads\/2021\/09\/eu-300x109.jpg\" alt=\"Evropska unija\" srcset=\"https:\/\/www.kovinski-izdelki.si\/wp-content\/uploads\/2021\/09\/eu-300x109.jpg 300w, https:\/\/www.kovinski-izdelki.si\/wp-content\/uploads\/2021\/09\/eu.jpg 414w\" sizes=\"auto, (max-width: 300px) 100vw, 300px\" \/><\/p>\n<p><strong>CILJI PROJEKTA:<\/strong><\/p>\n<ul>\n<li>ohranitev vseh 31 obstoje\u010dih delovnih mest vsaj za obdobje treh let, ki smo jih imeli pred pandemijo COVID-19,<\/li>\n<li>zagotovitev proizvodnih kapacitet za osvajanje novih preciznih stru\u017eenih<br \/>\nkomponent namenjenih za avtomobilsko industrijo ter komponent za proizvodnjo pogonskih<br \/>\nsklopov elektri\u010dnih koles.<\/li>\n<\/ul>\n<p>Stroj CNC Miyano BNJ42 SY<\/p>\n<p><img loading=\"lazy\" decoding=\"async\" class=\"alignnone wp-image-71759 size-full\" src=\"https:\/\/www.kovinski-izdelki.si\/wp-content\/uploads\/2021\/09\/stroj1.png\" alt=\"CNC Miyano BNJ42 SY\" width=\"966\" height=\"729\" srcset=\"https:\/\/www.kovinski-izdelki.si\/wp-content\/uploads\/2021\/09\/stroj1.png 966w, https:\/\/www.kovinski-izdelki.si\/wp-content\/uploads\/2021\/09\/stroj1-300x226.png 300w, https:\/\/www.kovinski-izdelki.si\/wp-content\/uploads\/2021\/09\/stroj1-768x580.png 768w\" sizes=\"auto, (max-width: 966px) 100vw, 966px\" \/>ds[\/vc_column_text][\/vc_column][\/vc_row]<\/p>\n","protected":false},"excerpt":{"rendered":"<p>[vc_row type=&#8221;container&#8221;][vc_column][vc_column_text]PROJEKT: \u00bbNakup kompleksnega sistema dveh CNC celic\u00ab NA\u010cRT ZA OKREVANJE IN ODPORNOST: C3K2: Dvig produktivnosti, prijazno poslovno okolje za investitorje. Podpora investicijam za ve\u010djo produktivnost, konkuren\u010dnost, odpornost in dekarbonizacijo gospodarstva ter za ohranjanje in nastajanje delovnih mest. OPIS PROJEKTA: Investicija v CNC stru\u017enico z avtomatskim oddajnikom materiala ter kontinuiranim transporterjem ostru\u017ekov. Prva faza investicije [&hellip;]<\/p>\n","protected":false},"author":1,"featured_media":0,"parent":0,"menu_order":0,"comment_status":"closed","ping_status":"closed","template":"page-full-width.php","meta":{"_acf_changed":false,"_exactmetrics_skip_tracking":false,"_exactmetrics_sitenote_active":false,"_exactmetrics_sitenote_note":"","_exactmetrics_sitenote_category":0,"footnotes":""},"class_list":["post-71756","page","type-page","status-publish","hentry"],"translation":{"provider":"WPGlobus","version":"3.0.2","language":"si","enabled_languages":["en","si","de"],"languages":{"en":{"title":true,"content":true,"excerpt":false},"si":{"title":false,"content":false,"excerpt":false},"de":{"title":false,"content":false,"excerpt":false}}},"acf":[],"yoast_head":"<!-- This site is optimized with the Yoast SEO plugin v27.4 - https:\/\/yoast.com\/product\/yoast-seo-wordpress\/ -->\n<title>Projects - Kovinski izdelki Hrast | Precision turning<\/title>\n<meta name=\"robots\" content=\"index, follow, max-snippet:-1, max-image-preview:large, max-video-preview:-1\" \/>\n<link rel=\"canonical\" href=\"https:\/\/www.kovinski-izdelki.si\/projects\/\" \/>\n<meta property=\"og:locale\" content=\"en_US\" \/>\n<meta property=\"og:type\" content=\"article\" \/>\n<meta property=\"og:title\" content=\"Projects - Kovinski izdelki Hrast | Precision turning\" \/>\n<meta property=\"og:url\" content=\"https:\/\/www.kovinski-izdelki.si\/projects\/\" \/>\n<meta property=\"og:site_name\" content=\"Kovinski izdelki Hrast | Precision turning\" \/>\n<meta property=\"article:modified_time\" content=\"2023-11-13T10:05:56+00:00\" \/>\n<meta property=\"og:image\" content=\"https:\/\/www.kovinski-izdelki.si\/wp-content\/uploads\/2023\/11\/nob.png\" \/>\n<meta name=\"twitter:card\" content=\"summary_large_image\" \/>\n<meta name=\"twitter:label1\" content=\"Est. reading time\" \/>\n\t<meta name=\"twitter:data1\" content=\"2 minutes\" \/>\n<script type=\"application\/ld+json\" class=\"yoast-schema-graph\">{\"@context\":\"https:\\\/\\\/schema.org\",\"@graph\":[{\"@type\":\"WebPage\",\"@id\":\"https:\\\/\\\/www.kovinski-izdelki.si\\\/projects\\\/\",\"url\":\"https:\\\/\\\/www.kovinski-izdelki.si\\\/projects\\\/\",\"name\":\"Projects - Kovinski izdelki Hrast | Precision turning\",\"isPartOf\":{\"@id\":\"https:\\\/\\\/www.kovinski-izdelki.si\\\/#website\"},\"primaryImageOfPage\":{\"@id\":\"https:\\\/\\\/www.kovinski-izdelki.si\\\/projects\\\/#primaryimage\"},\"image\":{\"@id\":\"https:\\\/\\\/www.kovinski-izdelki.si\\\/projects\\\/#primaryimage\"},\"thumbnailUrl\":\"https:\\\/\\\/www.kovinski-izdelki.si\\\/wp-content\\\/uploads\\\/2023\\\/11\\\/nob.png\",\"datePublished\":\"2021-09-06T08:43:03+00:00\",\"dateModified\":\"2023-11-13T10:05:56+00:00\",\"breadcrumb\":{\"@id\":\"https:\\\/\\\/www.kovinski-izdelki.si\\\/projects\\\/#breadcrumb\"},\"inLanguage\":\"si-SI\",\"potentialAction\":[{\"@type\":\"ReadAction\",\"target\":[\"https:\\\/\\\/www.kovinski-izdelki.si\\\/projects\\\/\"]}]},{\"@type\":\"ImageObject\",\"inLanguage\":\"si-SI\",\"@id\":\"https:\\\/\\\/www.kovinski-izdelki.si\\\/projects\\\/#primaryimage\",\"url\":\"https:\\\/\\\/www.kovinski-izdelki.si\\\/wp-content\\\/uploads\\\/2023\\\/11\\\/nob.png\",\"contentUrl\":\"https:\\\/\\\/www.kovinski-izdelki.si\\\/wp-content\\\/uploads\\\/2023\\\/11\\\/nob.png\"},{\"@type\":\"BreadcrumbList\",\"@id\":\"https:\\\/\\\/www.kovinski-izdelki.si\\\/projects\\\/#breadcrumb\",\"itemListElement\":[{\"@type\":\"ListItem\",\"position\":1,\"name\":\"Home\",\"item\":\"https:\\\/\\\/www.kovinski-izdelki.si\\\/\"},{\"@type\":\"ListItem\",\"position\":2,\"name\":\"Projects\"}]},{\"@type\":\"WebSite\",\"@id\":\"https:\\\/\\\/www.kovinski-izdelki.si\\\/#website\",\"url\":\"https:\\\/\\\/www.kovinski-izdelki.si\\\/\",\"name\":\"Kovinski izdelki Hrast | Precision turning\",\"description\":\"Kovinski izdelki Hrast- Precision turning\",\"publisher\":{\"@id\":\"https:\\\/\\\/www.kovinski-izdelki.si\\\/#organization\"},\"potentialAction\":[{\"@type\":\"SearchAction\",\"target\":{\"@type\":\"EntryPoint\",\"urlTemplate\":\"https:\\\/\\\/www.kovinski-izdelki.si\\\/?s={search_term_string}\"},\"query-input\":{\"@type\":\"PropertyValueSpecification\",\"valueRequired\":true,\"valueName\":\"search_term_string\"}}],\"inLanguage\":\"si-SI\"},{\"@type\":\"Organization\",\"@id\":\"https:\\\/\\\/www.kovinski-izdelki.si\\\/#organization\",\"name\":\"Kovinski izdelki Hrast d.o.o.\",\"url\":\"https:\\\/\\\/www.kovinski-izdelki.si\\\/\",\"logo\":{\"@type\":\"ImageObject\",\"inLanguage\":\"si-SI\",\"@id\":\"https:\\\/\\\/www.kovinski-izdelki.si\\\/#\\\/schema\\\/logo\\\/image\\\/\",\"url\":\"https:\\\/\\\/www.kovinski-izdelki.si\\\/wp-content\\\/uploads\\\/2017\\\/03\\\/logo.png\",\"contentUrl\":\"https:\\\/\\\/www.kovinski-izdelki.si\\\/wp-content\\\/uploads\\\/2017\\\/03\\\/logo.png\",\"width\":308,\"height\":112,\"caption\":\"Kovinski izdelki Hrast d.o.o.\"},\"image\":{\"@id\":\"https:\\\/\\\/www.kovinski-izdelki.si\\\/#\\\/schema\\\/logo\\\/image\\\/\"}}]}<\/script>\n<!-- \/ Yoast SEO plugin. -->","yoast_head_json":{"title":"Projects - Kovinski izdelki Hrast | Precision turning","robots":{"index":"index","follow":"follow","max-snippet":"max-snippet:-1","max-image-preview":"max-image-preview:large","max-video-preview":"max-video-preview:-1"},"canonical":"https:\/\/www.kovinski-izdelki.si\/projects\/","og_locale":"en_US","og_type":"article","og_title":"Projects - Kovinski izdelki Hrast | Precision turning","og_url":"https:\/\/www.kovinski-izdelki.si\/projects\/","og_site_name":"Kovinski izdelki Hrast | Precision turning","article_modified_time":"2023-11-13T10:05:56+00:00","og_image":[{"url":"https:\/\/www.kovinski-izdelki.si\/wp-content\/uploads\/2023\/11\/nob.png","type":"","width":"","height":""}],"twitter_card":"summary_large_image","twitter_misc":{"Est. reading time":"2 minutes"},"schema":{"@context":"https:\/\/schema.org","@graph":[{"@type":"WebPage","@id":"https:\/\/www.kovinski-izdelki.si\/projects\/","url":"https:\/\/www.kovinski-izdelki.si\/projects\/","name":"Projects - Kovinski izdelki Hrast | Precision turning","isPartOf":{"@id":"https:\/\/www.kovinski-izdelki.si\/#website"},"primaryImageOfPage":{"@id":"https:\/\/www.kovinski-izdelki.si\/projects\/#primaryimage"},"image":{"@id":"https:\/\/www.kovinski-izdelki.si\/projects\/#primaryimage"},"thumbnailUrl":"https:\/\/www.kovinski-izdelki.si\/wp-content\/uploads\/2023\/11\/nob.png","datePublished":"2021-09-06T08:43:03+00:00","dateModified":"2023-11-13T10:05:56+00:00","breadcrumb":{"@id":"https:\/\/www.kovinski-izdelki.si\/projects\/#breadcrumb"},"inLanguage":"si-SI","potentialAction":[{"@type":"ReadAction","target":["https:\/\/www.kovinski-izdelki.si\/projects\/"]}]},{"@type":"ImageObject","inLanguage":"si-SI","@id":"https:\/\/www.kovinski-izdelki.si\/projects\/#primaryimage","url":"https:\/\/www.kovinski-izdelki.si\/wp-content\/uploads\/2023\/11\/nob.png","contentUrl":"https:\/\/www.kovinski-izdelki.si\/wp-content\/uploads\/2023\/11\/nob.png"},{"@type":"BreadcrumbList","@id":"https:\/\/www.kovinski-izdelki.si\/projects\/#breadcrumb","itemListElement":[{"@type":"ListItem","position":1,"name":"Home","item":"https:\/\/www.kovinski-izdelki.si\/"},{"@type":"ListItem","position":2,"name":"Projects"}]},{"@type":"WebSite","@id":"https:\/\/www.kovinski-izdelki.si\/#website","url":"https:\/\/www.kovinski-izdelki.si\/","name":"Kovinski izdelki Hrast | Precision turning","description":"Kovinski izdelki Hrast- Precision turning","publisher":{"@id":"https:\/\/www.kovinski-izdelki.si\/#organization"},"potentialAction":[{"@type":"SearchAction","target":{"@type":"EntryPoint","urlTemplate":"https:\/\/www.kovinski-izdelki.si\/?s={search_term_string}"},"query-input":{"@type":"PropertyValueSpecification","valueRequired":true,"valueName":"search_term_string"}}],"inLanguage":"si-SI"},{"@type":"Organization","@id":"https:\/\/www.kovinski-izdelki.si\/#organization","name":"Kovinski izdelki Hrast d.o.o.","url":"https:\/\/www.kovinski-izdelki.si\/","logo":{"@type":"ImageObject","inLanguage":"si-SI","@id":"https:\/\/www.kovinski-izdelki.si\/#\/schema\/logo\/image\/","url":"https:\/\/www.kovinski-izdelki.si\/wp-content\/uploads\/2017\/03\/logo.png","contentUrl":"https:\/\/www.kovinski-izdelki.si\/wp-content\/uploads\/2017\/03\/logo.png","width":308,"height":112,"caption":"Kovinski izdelki Hrast d.o.o."},"image":{"@id":"https:\/\/www.kovinski-izdelki.si\/#\/schema\/logo\/image\/"}}]}},"_links":{"self":[{"href":"https:\/\/www.kovinski-izdelki.si\/si\/wp-json\/wp\/v2\/pages\/71756","targetHints":{"allow":["GET"]}}],"collection":[{"href":"https:\/\/www.kovinski-izdelki.si\/si\/wp-json\/wp\/v2\/pages"}],"about":[{"href":"https:\/\/www.kovinski-izdelki.si\/si\/wp-json\/wp\/v2\/types\/page"}],"author":[{"embeddable":true,"href":"https:\/\/www.kovinski-izdelki.si\/si\/wp-json\/wp\/v2\/users\/1"}],"replies":[{"embeddable":true,"href":"https:\/\/www.kovinski-izdelki.si\/si\/wp-json\/wp\/v2\/comments?post=71756"}],"version-history":[{"count":16,"href":"https:\/\/www.kovinski-izdelki.si\/si\/wp-json\/wp\/v2\/pages\/71756\/revisions"}],"predecessor-version":[{"id":71840,"href":"https:\/\/www.kovinski-izdelki.si\/si\/wp-json\/wp\/v2\/pages\/71756\/revisions\/71840"}],"wp:attachment":[{"href":"https:\/\/www.kovinski-izdelki.si\/si\/wp-json\/wp\/v2\/media?parent=71756"}],"curies":[{"name":"wp","href":"https:\/\/api.w.org\/{rel}","templated":true}]}}