{"id":71333,"date":"2017-04-29T23:08:54","date_gmt":"2017-04-29T21:08:54","guid":{"rendered":"http:\/\/novastran.kovinski-izdelki.si\/?page_id=71333"},"modified":"2017-05-31T15:55:36","modified_gmt":"2017-05-31T13:55:36","slug":"high-school-university-students","status":"publish","type":"page","link":"https:\/\/www.kovinski-izdelki.si\/si\/high-school-university-students\/","title":{"rendered":"\u0160TUDENTJE IN DIJAKI"},"content":{"rendered":"<p>[vc_row type=&#8221;container&#8221;][vc_column width=&#8221;1\/3&#8243; css=&#8221;.vc_custom_1494404518902{padding-bottom: 550px !important;}&#8221;][vc_column_text css_animation=&#8221;appear&#8221; css=&#8221;.vc_custom_1494404124009{padding-top: 15px !important;padding-right: 20px !important;padding-bottom: 15px !important;padding-left: 20px !important;background-color: #006369 !important;}&#8221;]<\/p>\n<p><span style=\"color: #000000; font-size: 18px; position: relative; bottom: -3px;\">\u00a0 <strong>Prakti\u010dno usposabljanje<\/strong><\/span><\/p>\n<p>[\/vc_column_text][vc_column_text css_animation=&#8221;appear&#8221; css=&#8221;.vc_custom_1494405103436{margin-top: -35px !important;padding-top: 18px !important;padding-right: 20px !important;padding-bottom: 224px !important;padding-left: 20px !important;background-color: #609ea1 !important;}&#8221;]Dijakom in \u0161tudentom ponujamo mo\u017enost opravljanja obvezne prakse ter mo\u017enost dela preko \u0161tudentskega servisa.[\/vc_column_text][\/vc_column][vc_column width=&#8221;1\/3&#8243;][vc_column_text css_animation=&#8221;appear&#8221; css=&#8221;.vc_custom_1494404154104{padding-top: 15px !important;padding-right: 20px !important;padding-bottom: 15px !important;padding-left: 20px !important;background-color: #006369 !important;}&#8221;]<\/p>\n<p><span style=\"color: #000000; font-size: 18px; position: relative; bottom: -3px;\">\u00a0 <strong>Zaklju\u010dne naloge<\/strong><\/span><\/p>\n<p>[\/vc_column_text][vc_column_text css_animation=&#8221;appear&#8221; css=&#8221;.vc_custom_1494404949962{margin-top: -35px !important;padding-top: 18px !important;padding-right: 20px !important;padding-bottom: 68px !important;padding-left: 20px !important;background-color: #609ea1 !important;}&#8221;]Ponujamo prilo\u017enost, da svojo magistrsko nalogo opravljate v sodelovanju z na\u0161im podjetjem.<br \/>\nTeme nalog lahko dolo\u010dite sami ali po dogovoru z na\u0161imi zaposlenimi. Z na\u0161imi podatki, izku\u0161njami in drugimi ustreznimi viri si zagotovite<br \/>\ndobre rezultate. Za ve\u010d informacij nas kontaktirajte.[\/vc_column_text][\/vc_column][vc_column width=&#8221;1\/3&#8243;][vc_column_text css_animation=&#8221;appear&#8221; css=&#8221;.vc_custom_1494404326304{padding-top: 15px !important;padding-right: 20px !important;padding-bottom: 15px !important;padding-left: 20px !important;background-color: #006369 !important;background-position: center !important;background-repeat: no-repeat !important;background-size: cover !important;}&#8221;]<span style=\"color: #000000; font-size: 18px; position: relative; bottom: -3px;\">\u00a0 <strong>Prva zaposlitev<\/strong><\/span>[\/vc_column_text][vc_column_text css_animation=&#8221;appear&#8221; css=&#8221;.vc_custom_1494404202419{margin-top: -35px !important;padding-top: 18px !important;padding-right: 20px !important;padding-bottom: 41px !important;padding-left: 20px !important;background-color: #609ea1 !important;}&#8221;]Pri izbiri kandidatov smo najbolj pozorni na njihove osebnostne lastnosti, ujemanje vrednot kandidata z vrednotami podjetja ter potencial za razvoj na podlagi anga\u017eiranosti. Najve\u010d pozornosti namenjamo dijakom in \u0161tudentom naravoslovno-tehni\u010dnih usmeritev, predvsem bodo\u010dim strojnim in\u017eenirjem, strojnim tehnikom ter mehanikom-operaterjem.[\/vc_column_text][\/vc_column][\/vc_row]<\/p>\n","protected":false},"excerpt":{"rendered":"<p>[vc_row type=&#8221;container&#8221;][vc_column width=&#8221;1\/3&#8243; css=&#8221;.vc_custom_1494404518902{padding-bottom: 550px !important;}&#8221;][vc_column_text css_animation=&#8221;appear&#8221; css=&#8221;.vc_custom_1494404124009{padding-top: 15px !important;padding-right: 20px !important;padding-bottom: 15px !important;padding-left: 20px !important;background-color: #006369 !important;}&#8221;] \u00a0 Prakti\u010dno usposabljanje [\/vc_column_text][vc_column_text css_animation=&#8221;appear&#8221; css=&#8221;.vc_custom_1494405103436{margin-top: -35px !important;padding-top: 18px !important;padding-right: 20px !important;padding-bottom: 224px !important;padding-left: 20px !important;background-color: #609ea1 !important;}&#8221;]Dijakom in \u0161tudentom ponujamo mo\u017enost opravljanja obvezne prakse ter mo\u017enost dela preko \u0161tudentskega servisa.[\/vc_column_text][\/vc_column][vc_column width=&#8221;1\/3&#8243;][vc_column_text css_animation=&#8221;appear&#8221; css=&#8221;.vc_custom_1494404154104{padding-top: 15px !important;padding-right: 20px [&hellip;]<\/p>\n","protected":false},"author":1,"featured_media":0,"parent":0,"menu_order":0,"comment_status":"closed","ping_status":"closed","template":"page-full-width.php","meta":{"_acf_changed":false,"_exactmetrics_skip_tracking":false,"_exactmetrics_sitenote_active":false,"_exactmetrics_sitenote_note":"","_exactmetrics_sitenote_category":0,"footnotes":""},"class_list":["post-71333","page","type-page","status-publish","hentry"],"translation":{"provider":"WPGlobus","version":"3.0.2","language":"si","enabled_languages":["en","si","de"],"languages":{"en":{"title":true,"content":true,"excerpt":false},"si":{"title":true,"content":true,"excerpt":false},"de":{"title":true,"content":true,"excerpt":false}}},"acf":[],"yoast_head":"<!-- This site is optimized with the Yoast SEO plugin v27.4 - https:\/\/yoast.com\/product\/yoast-seo-wordpress\/ -->\n<title>\u0160TUDENTJE IN DIJAKI - Kovinski izdelki Hrast | Precision turning<\/title>\n<meta name=\"robots\" content=\"index, follow, max-snippet:-1, max-image-preview:large, max-video-preview:-1\" \/>\n<link rel=\"canonical\" href=\"https:\/\/www.kovinski-izdelki.si\/high-school-university-students\/\" \/>\n<meta property=\"og:locale\" content=\"en_US\" \/>\n<meta property=\"og:type\" content=\"article\" \/>\n<meta property=\"og:title\" content=\"\u0160TUDENTJE IN DIJAKI - Kovinski izdelki Hrast | Precision turning\" \/>\n<meta property=\"og:url\" content=\"https:\/\/www.kovinski-izdelki.si\/high-school-university-students\/\" \/>\n<meta property=\"og:site_name\" content=\"Kovinski izdelki Hrast | Precision turning\" \/>\n<meta property=\"article:modified_time\" content=\"2017-05-31T13:55:36+00:00\" \/>\n<meta name=\"twitter:card\" content=\"summary_large_image\" \/>\n<meta name=\"twitter:label1\" content=\"Est. reading time\" \/>\n\t<meta name=\"twitter:data1\" content=\"5 minutes\" \/>\n<script type=\"application\/ld+json\" class=\"yoast-schema-graph\">{\"@context\":\"https:\\\/\\\/schema.org\",\"@graph\":[{\"@type\":\"WebPage\",\"@id\":\"https:\\\/\\\/www.kovinski-izdelki.si\\\/high-school-university-students\\\/\",\"url\":\"https:\\\/\\\/www.kovinski-izdelki.si\\\/high-school-university-students\\\/\",\"name\":\"\u0160TUDENTJE IN DIJAKI - Kovinski izdelki Hrast | Precision turning\",\"isPartOf\":{\"@id\":\"https:\\\/\\\/www.kovinski-izdelki.si\\\/#website\"},\"datePublished\":\"2017-04-29T21:08:54+00:00\",\"dateModified\":\"2017-05-31T13:55:36+00:00\",\"breadcrumb\":{\"@id\":\"https:\\\/\\\/www.kovinski-izdelki.si\\\/high-school-university-students\\\/#breadcrumb\"},\"inLanguage\":\"si-SI\",\"potentialAction\":[{\"@type\":\"ReadAction\",\"target\":[\"https:\\\/\\\/www.kovinski-izdelki.si\\\/high-school-university-students\\\/\"]}]},{\"@type\":\"BreadcrumbList\",\"@id\":\"https:\\\/\\\/www.kovinski-izdelki.si\\\/high-school-university-students\\\/#breadcrumb\",\"itemListElement\":[{\"@type\":\"ListItem\",\"position\":1,\"name\":\"Home\",\"item\":\"https:\\\/\\\/www.kovinski-izdelki.si\\\/\"},{\"@type\":\"ListItem\",\"position\":2,\"name\":\"HIGH SCHOOL AND UNIVERSITY STUDENTS\"}]},{\"@type\":\"WebSite\",\"@id\":\"https:\\\/\\\/www.kovinski-izdelki.si\\\/#website\",\"url\":\"https:\\\/\\\/www.kovinski-izdelki.si\\\/\",\"name\":\"Kovinski izdelki Hrast | Precision turning\",\"description\":\"Kovinski izdelki Hrast- Precision turning\",\"publisher\":{\"@id\":\"https:\\\/\\\/www.kovinski-izdelki.si\\\/#organization\"},\"potentialAction\":[{\"@type\":\"SearchAction\",\"target\":{\"@type\":\"EntryPoint\",\"urlTemplate\":\"https:\\\/\\\/www.kovinski-izdelki.si\\\/?s={search_term_string}\"},\"query-input\":{\"@type\":\"PropertyValueSpecification\",\"valueRequired\":true,\"valueName\":\"search_term_string\"}}],\"inLanguage\":\"si-SI\"},{\"@type\":\"Organization\",\"@id\":\"https:\\\/\\\/www.kovinski-izdelki.si\\\/#organization\",\"name\":\"Kovinski izdelki Hrast d.o.o.\",\"url\":\"https:\\\/\\\/www.kovinski-izdelki.si\\\/\",\"logo\":{\"@type\":\"ImageObject\",\"inLanguage\":\"si-SI\",\"@id\":\"https:\\\/\\\/www.kovinski-izdelki.si\\\/#\\\/schema\\\/logo\\\/image\\\/\",\"url\":\"https:\\\/\\\/www.kovinski-izdelki.si\\\/wp-content\\\/uploads\\\/2017\\\/03\\\/logo.png\",\"contentUrl\":\"https:\\\/\\\/www.kovinski-izdelki.si\\\/wp-content\\\/uploads\\\/2017\\\/03\\\/logo.png\",\"width\":308,\"height\":112,\"caption\":\"Kovinski izdelki Hrast d.o.o.\"},\"image\":{\"@id\":\"https:\\\/\\\/www.kovinski-izdelki.si\\\/#\\\/schema\\\/logo\\\/image\\\/\"}}]}<\/script>\n<!-- \/ Yoast SEO plugin. -->","yoast_head_json":{"title":"\u0160TUDENTJE IN DIJAKI - Kovinski izdelki Hrast | Precision turning","robots":{"index":"index","follow":"follow","max-snippet":"max-snippet:-1","max-image-preview":"max-image-preview:large","max-video-preview":"max-video-preview:-1"},"canonical":"https:\/\/www.kovinski-izdelki.si\/high-school-university-students\/","og_locale":"en_US","og_type":"article","og_title":"\u0160TUDENTJE IN DIJAKI - Kovinski izdelki Hrast | Precision turning","og_url":"https:\/\/www.kovinski-izdelki.si\/high-school-university-students\/","og_site_name":"Kovinski izdelki Hrast | Precision turning","article_modified_time":"2017-05-31T13:55:36+00:00","twitter_card":"summary_large_image","twitter_misc":{"Est. reading time":"5 minutes"},"schema":{"@context":"https:\/\/schema.org","@graph":[{"@type":"WebPage","@id":"https:\/\/www.kovinski-izdelki.si\/high-school-university-students\/","url":"https:\/\/www.kovinski-izdelki.si\/high-school-university-students\/","name":"\u0160TUDENTJE IN DIJAKI - Kovinski izdelki Hrast | Precision turning","isPartOf":{"@id":"https:\/\/www.kovinski-izdelki.si\/#website"},"datePublished":"2017-04-29T21:08:54+00:00","dateModified":"2017-05-31T13:55:36+00:00","breadcrumb":{"@id":"https:\/\/www.kovinski-izdelki.si\/high-school-university-students\/#breadcrumb"},"inLanguage":"si-SI","potentialAction":[{"@type":"ReadAction","target":["https:\/\/www.kovinski-izdelki.si\/high-school-university-students\/"]}]},{"@type":"BreadcrumbList","@id":"https:\/\/www.kovinski-izdelki.si\/high-school-university-students\/#breadcrumb","itemListElement":[{"@type":"ListItem","position":1,"name":"Home","item":"https:\/\/www.kovinski-izdelki.si\/"},{"@type":"ListItem","position":2,"name":"HIGH SCHOOL AND UNIVERSITY STUDENTS"}]},{"@type":"WebSite","@id":"https:\/\/www.kovinski-izdelki.si\/#website","url":"https:\/\/www.kovinski-izdelki.si\/","name":"Kovinski izdelki Hrast | Precision turning","description":"Kovinski izdelki Hrast- Precision turning","publisher":{"@id":"https:\/\/www.kovinski-izdelki.si\/#organization"},"potentialAction":[{"@type":"SearchAction","target":{"@type":"EntryPoint","urlTemplate":"https:\/\/www.kovinski-izdelki.si\/?s={search_term_string}"},"query-input":{"@type":"PropertyValueSpecification","valueRequired":true,"valueName":"search_term_string"}}],"inLanguage":"si-SI"},{"@type":"Organization","@id":"https:\/\/www.kovinski-izdelki.si\/#organization","name":"Kovinski izdelki Hrast d.o.o.","url":"https:\/\/www.kovinski-izdelki.si\/","logo":{"@type":"ImageObject","inLanguage":"si-SI","@id":"https:\/\/www.kovinski-izdelki.si\/#\/schema\/logo\/image\/","url":"https:\/\/www.kovinski-izdelki.si\/wp-content\/uploads\/2017\/03\/logo.png","contentUrl":"https:\/\/www.kovinski-izdelki.si\/wp-content\/uploads\/2017\/03\/logo.png","width":308,"height":112,"caption":"Kovinski izdelki Hrast d.o.o."},"image":{"@id":"https:\/\/www.kovinski-izdelki.si\/#\/schema\/logo\/image\/"}}]}},"_links":{"self":[{"href":"https:\/\/www.kovinski-izdelki.si\/si\/wp-json\/wp\/v2\/pages\/71333","targetHints":{"allow":["GET"]}}],"collection":[{"href":"https:\/\/www.kovinski-izdelki.si\/si\/wp-json\/wp\/v2\/pages"}],"about":[{"href":"https:\/\/www.kovinski-izdelki.si\/si\/wp-json\/wp\/v2\/types\/page"}],"author":[{"embeddable":true,"href":"https:\/\/www.kovinski-izdelki.si\/si\/wp-json\/wp\/v2\/users\/1"}],"replies":[{"embeddable":true,"href":"https:\/\/www.kovinski-izdelki.si\/si\/wp-json\/wp\/v2\/comments?post=71333"}],"version-history":[{"count":56,"href":"https:\/\/www.kovinski-izdelki.si\/si\/wp-json\/wp\/v2\/pages\/71333\/revisions"}],"predecessor-version":[{"id":71336,"href":"https:\/\/www.kovinski-izdelki.si\/si\/wp-json\/wp\/v2\/pages\/71333\/revisions\/71336"}],"wp:attachment":[{"href":"https:\/\/www.kovinski-izdelki.si\/si\/wp-json\/wp\/v2\/media?parent=71333"}],"curies":[{"name":"wp","href":"https:\/\/api.w.org\/{rel}","templated":true}]}}