{"id":71103,"date":"2017-03-19T10:46:23","date_gmt":"2017-03-19T09:46:23","guid":{"rendered":"http:\/\/novastran.kovinski-izdelki.si\/?page_id=71103"},"modified":"2026-02-23T10:25:17","modified_gmt":"2026-02-23T09:25:17","slug":"finishing-on-products","status":"publish","type":"page","link":"https:\/\/www.kovinski-izdelki.si\/si\/products\/finishing-on-products\/","title":{"rendered":"DODELAVE NA IZDELKIH"},"content":{"rendered":"<p>[vc_row type=&#8221;container&#8221;][vc_column][vc_column_text css_animation=&#8221;appear&#8221;]Skupaj z dobavitelji, lahko ponudimo razli\u010de dodelave na izdelkih. Lahko zagotovimo najrazli\u010dnej\u0161e galvanske obdelave, toplotne obdelave ali bru\u0161enje.<\/p>\n<p>Nekatere najbolj pogoste galvanske za\u0161\u010dite:<\/p>\n<ul>\n<li>Cinkanje v bobnih in obe\u0161alih<\/li>\n<li>cink-nikljeva zlitina na obe\u0161alih<\/li>\n<li>cink-nikljeva zlitina v bobnih<\/li>\n<li>fosfatiranje v cink fosfatu<\/li>\n<li>nikljanje v bobnih<\/li>\n<li>kositrenje v bobnih<\/li>\n<li>bakrenje v bobnih<\/li>\n<li>kemi\u010dno poliranje in pasiviranje bakra in bakrovih zlitin.<\/li>\n<\/ul>\n<p>Toplotna obdelava:<\/p>\n<ul>\n<li>Nitriranje in nitrokarburiranje<\/li>\n<li>cementacija in karbonitriranje<\/li>\n<li>\u017earjenje in ostale obdelave.<\/li>\n<\/ul>\n<p>[\/vc_column_text][\/vc_column][\/vc_row][vc_row type=&#8221;container&#8221;][vc_column width=&#8221;1\/2&#8243;][vc_single_image image=&#8221;71409&#8243; alignment=&#8221;center&#8221; style=&#8221;vc_box_shadow_3d&#8221; onclick=&#8221;link_image&#8221; css_animation=&#8221;appear&#8221;][\/vc_column][vc_column width=&#8221;1\/2&#8243;][vc_single_image image=&#8221;71408&#8243; alignment=&#8221;center&#8221; style=&#8221;vc_box_shadow_3d&#8221; onclick=&#8221;link_image&#8221; css_animation=&#8221;appear&#8221;][\/vc_column][\/vc_row]<\/p>\n","protected":false},"excerpt":{"rendered":"<p>[vc_row type=&#8221;container&#8221;][vc_column][vc_column_text css_animation=&#8221;appear&#8221;]Skupaj z dobavitelji, lahko ponudimo razli\u010de dodelave na izdelkih. Lahko zagotovimo najrazli\u010dnej\u0161e galvanske obdelave, toplotne obdelave ali bru\u0161enje. Nekatere najbolj pogoste galvanske za\u0161\u010dite: Cinkanje v bobnih in obe\u0161alih cink-nikljeva zlitina na obe\u0161alih cink-nikljeva zlitina v bobnih fosfatiranje v cink fosfatu nikljanje v bobnih kositrenje v bobnih bakrenje v bobnih kemi\u010dno poliranje in pasiviranje [&hellip;]<\/p>\n","protected":false},"author":1,"featured_media":0,"parent":71098,"menu_order":0,"comment_status":"closed","ping_status":"closed","template":"page-full-width.php","meta":{"_acf_changed":false,"_exactmetrics_skip_tracking":false,"_exactmetrics_sitenote_active":false,"_exactmetrics_sitenote_note":"","_exactmetrics_sitenote_category":0,"footnotes":""},"class_list":["post-71103","page","type-page","status-publish","hentry"],"translation":{"provider":"WPGlobus","version":"3.0.2","language":"si","enabled_languages":["en","si","de"],"languages":{"en":{"title":true,"content":true,"excerpt":false},"si":{"title":true,"content":true,"excerpt":false},"de":{"title":true,"content":true,"excerpt":false}}},"acf":[],"yoast_head":"<!-- This site is optimized with the Yoast SEO plugin v27.4 - https:\/\/yoast.com\/product\/yoast-seo-wordpress\/ -->\n<title>DODELAVE NA IZDELKIH - Kovinski izdelki Hrast | Precision turning<\/title>\n<meta name=\"robots\" content=\"index, follow, max-snippet:-1, max-image-preview:large, max-video-preview:-1\" \/>\n<link rel=\"canonical\" href=\"https:\/\/www.kovinski-izdelki.si\/products\/finishing-on-products\/\" \/>\n<meta property=\"og:locale\" content=\"en_US\" \/>\n<meta property=\"og:type\" content=\"article\" \/>\n<meta property=\"og:title\" content=\"DODELAVE NA IZDELKIH - Kovinski izdelki Hrast | Precision turning\" \/>\n<meta property=\"og:url\" content=\"https:\/\/www.kovinski-izdelki.si\/products\/finishing-on-products\/\" \/>\n<meta property=\"og:site_name\" content=\"Kovinski izdelki Hrast | Precision turning\" \/>\n<meta property=\"article:modified_time\" content=\"2026-02-23T09:25:17+00:00\" \/>\n<meta name=\"twitter:card\" content=\"summary_large_image\" \/>\n<meta name=\"twitter:label1\" content=\"Est. reading time\" \/>\n\t<meta name=\"twitter:data1\" content=\"1 minute\" \/>\n<script type=\"application\/ld+json\" class=\"yoast-schema-graph\">{\"@context\":\"https:\\\/\\\/schema.org\",\"@graph\":[{\"@type\":\"WebPage\",\"@id\":\"https:\\\/\\\/www.kovinski-izdelki.si\\\/products\\\/finishing-on-products\\\/\",\"url\":\"https:\\\/\\\/www.kovinski-izdelki.si\\\/products\\\/finishing-on-products\\\/\",\"name\":\"DODELAVE NA IZDELKIH - Kovinski izdelki Hrast | Precision turning\",\"isPartOf\":{\"@id\":\"https:\\\/\\\/www.kovinski-izdelki.si\\\/#website\"},\"datePublished\":\"2017-03-19T09:46:23+00:00\",\"dateModified\":\"2026-02-23T09:25:17+00:00\",\"breadcrumb\":{\"@id\":\"https:\\\/\\\/www.kovinski-izdelki.si\\\/products\\\/finishing-on-products\\\/#breadcrumb\"},\"inLanguage\":\"si-SI\",\"potentialAction\":[{\"@type\":\"ReadAction\",\"target\":[\"https:\\\/\\\/www.kovinski-izdelki.si\\\/products\\\/finishing-on-products\\\/\"]}]},{\"@type\":\"BreadcrumbList\",\"@id\":\"https:\\\/\\\/www.kovinski-izdelki.si\\\/products\\\/finishing-on-products\\\/#breadcrumb\",\"itemListElement\":[{\"@type\":\"ListItem\",\"position\":1,\"name\":\"Home\",\"item\":\"https:\\\/\\\/www.kovinski-izdelki.si\\\/\"},{\"@type\":\"ListItem\",\"position\":2,\"name\":\"Products\",\"item\":\"https:\\\/\\\/www.kovinski-izdelki.si\\\/products\\\/\"},{\"@type\":\"ListItem\",\"position\":3,\"name\":\"FINISHING ON PRODUCTS\"}]},{\"@type\":\"WebSite\",\"@id\":\"https:\\\/\\\/www.kovinski-izdelki.si\\\/#website\",\"url\":\"https:\\\/\\\/www.kovinski-izdelki.si\\\/\",\"name\":\"Kovinski izdelki Hrast | Precision turning\",\"description\":\"Kovinski izdelki Hrast- Precision turning\",\"publisher\":{\"@id\":\"https:\\\/\\\/www.kovinski-izdelki.si\\\/#organization\"},\"potentialAction\":[{\"@type\":\"SearchAction\",\"target\":{\"@type\":\"EntryPoint\",\"urlTemplate\":\"https:\\\/\\\/www.kovinski-izdelki.si\\\/?s={search_term_string}\"},\"query-input\":{\"@type\":\"PropertyValueSpecification\",\"valueRequired\":true,\"valueName\":\"search_term_string\"}}],\"inLanguage\":\"si-SI\"},{\"@type\":\"Organization\",\"@id\":\"https:\\\/\\\/www.kovinski-izdelki.si\\\/#organization\",\"name\":\"Kovinski izdelki Hrast d.o.o.\",\"url\":\"https:\\\/\\\/www.kovinski-izdelki.si\\\/\",\"logo\":{\"@type\":\"ImageObject\",\"inLanguage\":\"si-SI\",\"@id\":\"https:\\\/\\\/www.kovinski-izdelki.si\\\/#\\\/schema\\\/logo\\\/image\\\/\",\"url\":\"https:\\\/\\\/www.kovinski-izdelki.si\\\/wp-content\\\/uploads\\\/2017\\\/03\\\/logo.png\",\"contentUrl\":\"https:\\\/\\\/www.kovinski-izdelki.si\\\/wp-content\\\/uploads\\\/2017\\\/03\\\/logo.png\",\"width\":308,\"height\":112,\"caption\":\"Kovinski izdelki Hrast d.o.o.\"},\"image\":{\"@id\":\"https:\\\/\\\/www.kovinski-izdelki.si\\\/#\\\/schema\\\/logo\\\/image\\\/\"}}]}<\/script>\n<!-- \/ Yoast SEO plugin. -->","yoast_head_json":{"title":"DODELAVE NA IZDELKIH - Kovinski izdelki Hrast | Precision turning","robots":{"index":"index","follow":"follow","max-snippet":"max-snippet:-1","max-image-preview":"max-image-preview:large","max-video-preview":"max-video-preview:-1"},"canonical":"https:\/\/www.kovinski-izdelki.si\/products\/finishing-on-products\/","og_locale":"en_US","og_type":"article","og_title":"DODELAVE NA IZDELKIH - Kovinski izdelki Hrast | Precision turning","og_url":"https:\/\/www.kovinski-izdelki.si\/products\/finishing-on-products\/","og_site_name":"Kovinski izdelki Hrast | Precision turning","article_modified_time":"2026-02-23T09:25:17+00:00","twitter_card":"summary_large_image","twitter_misc":{"Est. reading time":"1 minute"},"schema":{"@context":"https:\/\/schema.org","@graph":[{"@type":"WebPage","@id":"https:\/\/www.kovinski-izdelki.si\/products\/finishing-on-products\/","url":"https:\/\/www.kovinski-izdelki.si\/products\/finishing-on-products\/","name":"DODELAVE NA IZDELKIH - Kovinski izdelki Hrast | Precision turning","isPartOf":{"@id":"https:\/\/www.kovinski-izdelki.si\/#website"},"datePublished":"2017-03-19T09:46:23+00:00","dateModified":"2026-02-23T09:25:17+00:00","breadcrumb":{"@id":"https:\/\/www.kovinski-izdelki.si\/products\/finishing-on-products\/#breadcrumb"},"inLanguage":"si-SI","potentialAction":[{"@type":"ReadAction","target":["https:\/\/www.kovinski-izdelki.si\/products\/finishing-on-products\/"]}]},{"@type":"BreadcrumbList","@id":"https:\/\/www.kovinski-izdelki.si\/products\/finishing-on-products\/#breadcrumb","itemListElement":[{"@type":"ListItem","position":1,"name":"Home","item":"https:\/\/www.kovinski-izdelki.si\/"},{"@type":"ListItem","position":2,"name":"Products","item":"https:\/\/www.kovinski-izdelki.si\/products\/"},{"@type":"ListItem","position":3,"name":"FINISHING ON PRODUCTS"}]},{"@type":"WebSite","@id":"https:\/\/www.kovinski-izdelki.si\/#website","url":"https:\/\/www.kovinski-izdelki.si\/","name":"Kovinski izdelki Hrast | Precision turning","description":"Kovinski izdelki Hrast- Precision turning","publisher":{"@id":"https:\/\/www.kovinski-izdelki.si\/#organization"},"potentialAction":[{"@type":"SearchAction","target":{"@type":"EntryPoint","urlTemplate":"https:\/\/www.kovinski-izdelki.si\/?s={search_term_string}"},"query-input":{"@type":"PropertyValueSpecification","valueRequired":true,"valueName":"search_term_string"}}],"inLanguage":"si-SI"},{"@type":"Organization","@id":"https:\/\/www.kovinski-izdelki.si\/#organization","name":"Kovinski izdelki Hrast d.o.o.","url":"https:\/\/www.kovinski-izdelki.si\/","logo":{"@type":"ImageObject","inLanguage":"si-SI","@id":"https:\/\/www.kovinski-izdelki.si\/#\/schema\/logo\/image\/","url":"https:\/\/www.kovinski-izdelki.si\/wp-content\/uploads\/2017\/03\/logo.png","contentUrl":"https:\/\/www.kovinski-izdelki.si\/wp-content\/uploads\/2017\/03\/logo.png","width":308,"height":112,"caption":"Kovinski izdelki Hrast d.o.o."},"image":{"@id":"https:\/\/www.kovinski-izdelki.si\/#\/schema\/logo\/image\/"}}]}},"_links":{"self":[{"href":"https:\/\/www.kovinski-izdelki.si\/si\/wp-json\/wp\/v2\/pages\/71103","targetHints":{"allow":["GET"]}}],"collection":[{"href":"https:\/\/www.kovinski-izdelki.si\/si\/wp-json\/wp\/v2\/pages"}],"about":[{"href":"https:\/\/www.kovinski-izdelki.si\/si\/wp-json\/wp\/v2\/types\/page"}],"author":[{"embeddable":true,"href":"https:\/\/www.kovinski-izdelki.si\/si\/wp-json\/wp\/v2\/users\/1"}],"replies":[{"embeddable":true,"href":"https:\/\/www.kovinski-izdelki.si\/si\/wp-json\/wp\/v2\/comments?post=71103"}],"version-history":[{"count":13,"href":"https:\/\/www.kovinski-izdelki.si\/si\/wp-json\/wp\/v2\/pages\/71103\/revisions"}],"predecessor-version":[{"id":71911,"href":"https:\/\/www.kovinski-izdelki.si\/si\/wp-json\/wp\/v2\/pages\/71103\/revisions\/71911"}],"up":[{"embeddable":true,"href":"https:\/\/www.kovinski-izdelki.si\/si\/wp-json\/wp\/v2\/pages\/71098"}],"wp:attachment":[{"href":"https:\/\/www.kovinski-izdelki.si\/si\/wp-json\/wp\/v2\/media?parent=71103"}],"curies":[{"name":"wp","href":"https:\/\/api.w.org\/{rel}","templated":true}]}}