{"id":69,"date":"2015-10-07T17:11:55","date_gmt":"2015-10-07T17:11:55","guid":{"rendered":"http:\/\/broker.commercegurus.com\/?page_id=69"},"modified":"2020-05-21T08:55:03","modified_gmt":"2020-05-21T06:55:03","slug":"about","status":"publish","type":"page","link":"https:\/\/www.kovinski-izdelki.si\/si\/about\/","title":{"rendered":"O PODJETJU"},"content":{"rendered":"<p>[vc_row type=&#8221;container&#8221; padding_top=&#8221;&#8221; padding_bottom=&#8221;&#8221; css=&#8221;.vc_custom_1451761032806{padding-top: 50px !important;}&#8221;][vc_column width=&#8221;1\/2&#8243; css=&#8221;.vc_custom_1449147431196{margin-bottom: 35px !important;}&#8221;][vc_column_text css_animation=&#8221;appear&#8221; css=&#8221;.vc_custom_1494515744167{padding-right: 10px !important;}&#8221;]<\/p>\n<p>Podjetje KOVINSKI IZDELKI HRAST D.O.O. je dru\u017einsko podjetje ustanovljeno 1984. Leta 2012 smo se preselili v nove protore v Breginju, kjer proizvodnja poteka danes. Imamo 3000 kvadratnih metrov proizvodnih povr\u0161in in 1000 kvadratnih metrov skladi\u0161\u010da.<\/p>\n<p>Proizvodni program vklju\u010duje\u00a0mehansko obdelavo vseh vrst kovin in vklju\u010duje stru\u017eenje in rezkanje. Proizvodnja te\u010de na CNC stru\u017enicah, krivuljnikih in ve\u010dvretenskih strojih.<\/p>\n<p>Zaradi vse ve\u010djih zahtev po kakovosti in bolj\u0161i prodor na tuje trge imamo slede\u010de certificate kakovosti: ISO\/TS16949 in ISO9001.<\/p>\n<p>[\/vc_column_text][\/vc_column][vc_column width=&#8221;1\/2&#8243; css=&#8221;.vc_custom_1451760818909{padding-top: 14px !important;}&#8221;][vc_single_image image=&#8221;71268&#8243; img_size=&#8221;large&#8221; alignment=&#8221;center&#8221; style=&#8221;vc_box_shadow_3d&#8221; onclick=&#8221;link_image&#8221; css_animation=&#8221;appear&#8221;][\/vc_column][\/vc_row][vc_row type=&#8221;container&#8221;][vc_column][vc_separator color=&#8221;&#8221; border_width=&#8221;2&#8243; type=&#8221;normal&#8221; thickness=&#8221;&#8221; up=&#8221;&#8221; down=&#8221;&#8221;][\/vc_column][\/vc_row][vc_row type=&#8221;container&#8221;][vc_column width=&#8221;1\/3&#8243;][vc_column_text css_animation=&#8221;appear&#8221;]<\/p>\n<h4>Naslov podjetja in kontakt<\/h4>\n<p>Kovinski izdelki Hrast d.o.o.<br \/>\nBreginj 16<br \/>\n5232 Breginj<br \/>\nSlovenia<\/p>\n<p>Tel.: +386 (5) 3849 120<br \/>\nFax: +386 (5) 3849 100<br \/>\nEmail: info@kovinski-izdelki.si[\/vc_column_text][\/vc_column][vc_column width=&#8221;1\/3&#8243;][vc_column_text css_animation=&#8221;appear&#8221;]<\/p>\n<h4>Ban\u010dni ra\u010duni<\/h4>\n<p>NOVA KBM d.d.<br \/>\nIBAN SI56 0475 3000 1835 726<br \/>\nSWIFT: KBMASI2X[\/vc_column_text][\/vc_column][vc_column width=&#8221;1\/3&#8243;][vc_column_text css_animation=&#8221;appear&#8221;]<\/p>\n<h4>Info podjetja<\/h4>\n<p>VAT ID: SI 70632197<br \/>\nPERSONAL NUM.: 3969061000<br \/>\nDUNS: 500695170[\/vc_column_text][\/vc_column][\/vc_row][vc_row type=&#8221;container&#8221;][vc_column][vc_separator color=&#8221;&#8221; border_width=&#8221;2&#8243; type=&#8221;normal&#8221; thickness=&#8221;&#8221; up=&#8221;&#8221; down=&#8221;&#8221;][\/vc_column][\/vc_row][vc_row type=&#8221;container&#8221;][vc_column][vc_gmaps link=&#8221;#E-8_JTNDaWZyYW1lJTIwc3JjJTNEJTIyaHR0cHMlM0ElMkYlMkZ3d3cuZ29vZ2xlLmNvbSUyRm1hcHMlMkZlbWJlZCUzRnBiJTNEJTIxMW0xOCUyMTFtMTIlMjExbTMlMjExZDUwMDM0MC4wNDEyNTQxNjA0JTIxMmQxMy41NDA1NDUxNTQyMTE0MzMlMjEzZDQ2LjE1MDQ2MDQ4NTg1OTA4JTIxMm0zJTIxMWYwJTIxMmYwJTIxM2YwJTIxM20yJTIxMWkxMDI0JTIxMmk3NjglMjE0ZjEzLjElMjEzbTMlMjExbTIlMjExczB4NDc3YTQ0N2RkOWY3MjgyZiUyNTNBMHhkYTIxYmFjMTU3NTdlNGNjJTIxMnNLb3ZpbnNraSUyQml6ZGVsa2klMkJIcmFzdCUyQmQuby5vLiUyMTVlMCUyMTNtMiUyMTFzc2wlMjEyc3NpJTIxNHYxNDkzODgzMjA3MTU2JTIyJTIwd2lkdGglM0QlMjI2MDAlMjIlMjBoZWlnaHQlM0QlMjI0NTAlMjIlMjBmcmFtZWJvcmRlciUzRCUyMjAlMjIlMjBzdHlsZSUzRCUyMmJvcmRlciUzQTAlMjIlMjBhbGxvd2Z1bGxzY3JlZW4lM0UlM0MlMkZpZnJhbWUlM0U=&#8221;][\/vc_column][\/vc_row][vc_row type=&#8221;full_page_width_inner_container&#8221; padding_top=&#8221;&#8221; padding_bottom=&#8221;&#8221; css=&#8221;.vc_custom_1451760849278{margin-bottom: 0px !important;padding-top: 20px !important;padding-bottom: 20px !important;background-color: #fdc900 !important;}&#8221;][vc_column width=&#8221;1\/6&#8243;][\/vc_column][vc_column width=&#8221;2\/3&#8243;][vc_column_text]<\/p>\n<h3 style=\"text-align: center;\"><span class=\"quote\">\u201cKAKOVOST, FLEKSIBILNOST IN ZANESLIVOST<\/span><span class=\"quote\">\u201d<\/span><\/h3>\n<p>[\/vc_column_text][\/vc_column][vc_column width=&#8221;1\/6&#8243;][\/vc_column][\/vc_row]<\/p>\n","protected":false},"excerpt":{"rendered":"<p>[vc_row type=&#8221;container&#8221; padding_top=&#8221;&#8221; padding_bottom=&#8221;&#8221; css=&#8221;.vc_custom_1451761032806{padding-top: 50px !important;}&#8221;][vc_column width=&#8221;1\/2&#8243; css=&#8221;.vc_custom_1449147431196{margin-bottom: 35px !important;}&#8221;][vc_column_text css_animation=&#8221;appear&#8221; css=&#8221;.vc_custom_1494515744167{padding-right: 10px !important;}&#8221;] Podjetje KOVINSKI IZDELKI HRAST D.O.O. je dru\u017einsko podjetje ustanovljeno 1984. Leta 2012 smo se preselili v nove protore v Breginju, kjer proizvodnja poteka danes. Imamo 3000 kvadratnih metrov proizvodnih povr\u0161in in 1000 kvadratnih metrov skladi\u0161\u010da. Proizvodni program vklju\u010duje\u00a0mehansko obdelavo vseh [&hellip;]<\/p>\n","protected":false},"author":1,"featured_media":70780,"parent":0,"menu_order":0,"comment_status":"closed","ping_status":"closed","template":"page-full-width.php","meta":{"_acf_changed":false,"_exactmetrics_skip_tracking":false,"_exactmetrics_sitenote_active":false,"_exactmetrics_sitenote_note":"","_exactmetrics_sitenote_category":0,"footnotes":""},"class_list":["post-69","page","type-page","status-publish","has-post-thumbnail","hentry"],"translation":{"provider":"WPGlobus","version":"3.0.2","language":"si","enabled_languages":["en","si","de"],"languages":{"en":{"title":true,"content":true,"excerpt":false},"si":{"title":true,"content":true,"excerpt":false},"de":{"title":true,"content":true,"excerpt":false}}},"acf":[],"yoast_head":"<!-- This site is optimized with the Yoast SEO plugin v27.4 - https:\/\/yoast.com\/product\/yoast-seo-wordpress\/ -->\n<title>O PODJETJU - Kovinski izdelki Hrast | Precision turning<\/title>\n<meta name=\"robots\" content=\"index, follow, max-snippet:-1, max-image-preview:large, max-video-preview:-1\" \/>\n<link rel=\"canonical\" href=\"https:\/\/www.kovinski-izdelki.si\/about\/\" \/>\n<meta property=\"og:locale\" content=\"en_US\" \/>\n<meta property=\"og:type\" content=\"article\" \/>\n<meta property=\"og:title\" content=\"O PODJETJU - Kovinski izdelki Hrast | Precision turning\" \/>\n<meta property=\"og:url\" content=\"https:\/\/www.kovinski-izdelki.si\/about\/\" \/>\n<meta property=\"og:site_name\" content=\"Kovinski izdelki Hrast | Precision turning\" \/>\n<meta property=\"article:modified_time\" content=\"2020-05-21T06:55:03+00:00\" \/>\n<meta name=\"twitter:card\" content=\"summary_large_image\" \/>\n<meta name=\"twitter:label1\" content=\"Est. reading time\" \/>\n\t<meta name=\"twitter:data1\" content=\"6 minutes\" \/>\n<script type=\"application\/ld+json\" class=\"yoast-schema-graph\">{\"@context\":\"https:\\\/\\\/schema.org\",\"@graph\":[{\"@type\":\"WebPage\",\"@id\":\"https:\\\/\\\/www.kovinski-izdelki.si\\\/about\\\/\",\"url\":\"https:\\\/\\\/www.kovinski-izdelki.si\\\/about\\\/\",\"name\":\"O PODJETJU - Kovinski izdelki Hrast | Precision turning\",\"isPartOf\":{\"@id\":\"https:\\\/\\\/www.kovinski-izdelki.si\\\/#website\"},\"primaryImageOfPage\":{\"@id\":\"https:\\\/\\\/www.kovinski-izdelki.si\\\/about\\\/#primaryimage\"},\"image\":{\"@id\":\"https:\\\/\\\/www.kovinski-izdelki.si\\\/about\\\/#primaryimage\"},\"thumbnailUrl\":\"\",\"datePublished\":\"2015-10-07T17:11:55+00:00\",\"dateModified\":\"2020-05-21T06:55:03+00:00\",\"description\":\"We work on the cusp of innovation and technology to take products from an idea all the way to the end consumer.\",\"breadcrumb\":{\"@id\":\"https:\\\/\\\/www.kovinski-izdelki.si\\\/about\\\/#breadcrumb\"},\"inLanguage\":\"si-SI\",\"potentialAction\":[{\"@type\":\"ReadAction\",\"target\":[\"https:\\\/\\\/www.kovinski-izdelki.si\\\/about\\\/\"]}]},{\"@type\":\"ImageObject\",\"inLanguage\":\"si-SI\",\"@id\":\"https:\\\/\\\/www.kovinski-izdelki.si\\\/about\\\/#primaryimage\",\"url\":\"\",\"contentUrl\":\"\"},{\"@type\":\"BreadcrumbList\",\"@id\":\"https:\\\/\\\/www.kovinski-izdelki.si\\\/about\\\/#breadcrumb\",\"itemListElement\":[{\"@type\":\"ListItem\",\"position\":1,\"name\":\"Home\",\"item\":\"https:\\\/\\\/www.kovinski-izdelki.si\\\/\"},{\"@type\":\"ListItem\",\"position\":2,\"name\":\"ABOUT OUR COMPANY\"}]},{\"@type\":\"WebSite\",\"@id\":\"https:\\\/\\\/www.kovinski-izdelki.si\\\/#website\",\"url\":\"https:\\\/\\\/www.kovinski-izdelki.si\\\/\",\"name\":\"Kovinski izdelki Hrast | Precision turning\",\"description\":\"Kovinski izdelki Hrast- Precision turning\",\"publisher\":{\"@id\":\"https:\\\/\\\/www.kovinski-izdelki.si\\\/#organization\"},\"potentialAction\":[{\"@type\":\"SearchAction\",\"target\":{\"@type\":\"EntryPoint\",\"urlTemplate\":\"https:\\\/\\\/www.kovinski-izdelki.si\\\/?s={search_term_string}\"},\"query-input\":{\"@type\":\"PropertyValueSpecification\",\"valueRequired\":true,\"valueName\":\"search_term_string\"}}],\"inLanguage\":\"si-SI\"},{\"@type\":\"Organization\",\"@id\":\"https:\\\/\\\/www.kovinski-izdelki.si\\\/#organization\",\"name\":\"Kovinski izdelki Hrast d.o.o.\",\"url\":\"https:\\\/\\\/www.kovinski-izdelki.si\\\/\",\"logo\":{\"@type\":\"ImageObject\",\"inLanguage\":\"si-SI\",\"@id\":\"https:\\\/\\\/www.kovinski-izdelki.si\\\/#\\\/schema\\\/logo\\\/image\\\/\",\"url\":\"https:\\\/\\\/www.kovinski-izdelki.si\\\/wp-content\\\/uploads\\\/2017\\\/03\\\/logo.png\",\"contentUrl\":\"https:\\\/\\\/www.kovinski-izdelki.si\\\/wp-content\\\/uploads\\\/2017\\\/03\\\/logo.png\",\"width\":308,\"height\":112,\"caption\":\"Kovinski izdelki Hrast d.o.o.\"},\"image\":{\"@id\":\"https:\\\/\\\/www.kovinski-izdelki.si\\\/#\\\/schema\\\/logo\\\/image\\\/\"}}]}<\/script>\n<!-- \/ Yoast SEO plugin. -->","yoast_head_json":{"title":"O PODJETJU - Kovinski izdelki Hrast | Precision turning","robots":{"index":"index","follow":"follow","max-snippet":"max-snippet:-1","max-image-preview":"max-image-preview:large","max-video-preview":"max-video-preview:-1"},"canonical":"https:\/\/www.kovinski-izdelki.si\/about\/","og_locale":"en_US","og_type":"article","og_title":"O PODJETJU - Kovinski izdelki Hrast | Precision turning","og_url":"https:\/\/www.kovinski-izdelki.si\/about\/","og_site_name":"Kovinski izdelki Hrast | Precision turning","article_modified_time":"2020-05-21T06:55:03+00:00","twitter_card":"summary_large_image","twitter_misc":{"Est. reading time":"6 minutes"},"schema":{"@context":"https:\/\/schema.org","@graph":[{"@type":"WebPage","@id":"https:\/\/www.kovinski-izdelki.si\/about\/","url":"https:\/\/www.kovinski-izdelki.si\/about\/","name":"O PODJETJU - Kovinski izdelki Hrast | Precision turning","isPartOf":{"@id":"https:\/\/www.kovinski-izdelki.si\/#website"},"primaryImageOfPage":{"@id":"https:\/\/www.kovinski-izdelki.si\/about\/#primaryimage"},"image":{"@id":"https:\/\/www.kovinski-izdelki.si\/about\/#primaryimage"},"thumbnailUrl":"","datePublished":"2015-10-07T17:11:55+00:00","dateModified":"2020-05-21T06:55:03+00:00","description":"We work on the cusp of innovation and technology to take products from an idea all the way to the end consumer.","breadcrumb":{"@id":"https:\/\/www.kovinski-izdelki.si\/about\/#breadcrumb"},"inLanguage":"si-SI","potentialAction":[{"@type":"ReadAction","target":["https:\/\/www.kovinski-izdelki.si\/about\/"]}]},{"@type":"ImageObject","inLanguage":"si-SI","@id":"https:\/\/www.kovinski-izdelki.si\/about\/#primaryimage","url":"","contentUrl":""},{"@type":"BreadcrumbList","@id":"https:\/\/www.kovinski-izdelki.si\/about\/#breadcrumb","itemListElement":[{"@type":"ListItem","position":1,"name":"Home","item":"https:\/\/www.kovinski-izdelki.si\/"},{"@type":"ListItem","position":2,"name":"ABOUT OUR COMPANY"}]},{"@type":"WebSite","@id":"https:\/\/www.kovinski-izdelki.si\/#website","url":"https:\/\/www.kovinski-izdelki.si\/","name":"Kovinski izdelki Hrast | Precision turning","description":"Kovinski izdelki Hrast- Precision turning","publisher":{"@id":"https:\/\/www.kovinski-izdelki.si\/#organization"},"potentialAction":[{"@type":"SearchAction","target":{"@type":"EntryPoint","urlTemplate":"https:\/\/www.kovinski-izdelki.si\/?s={search_term_string}"},"query-input":{"@type":"PropertyValueSpecification","valueRequired":true,"valueName":"search_term_string"}}],"inLanguage":"si-SI"},{"@type":"Organization","@id":"https:\/\/www.kovinski-izdelki.si\/#organization","name":"Kovinski izdelki Hrast d.o.o.","url":"https:\/\/www.kovinski-izdelki.si\/","logo":{"@type":"ImageObject","inLanguage":"si-SI","@id":"https:\/\/www.kovinski-izdelki.si\/#\/schema\/logo\/image\/","url":"https:\/\/www.kovinski-izdelki.si\/wp-content\/uploads\/2017\/03\/logo.png","contentUrl":"https:\/\/www.kovinski-izdelki.si\/wp-content\/uploads\/2017\/03\/logo.png","width":308,"height":112,"caption":"Kovinski izdelki Hrast d.o.o."},"image":{"@id":"https:\/\/www.kovinski-izdelki.si\/#\/schema\/logo\/image\/"}}]}},"_links":{"self":[{"href":"https:\/\/www.kovinski-izdelki.si\/si\/wp-json\/wp\/v2\/pages\/69","targetHints":{"allow":["GET"]}}],"collection":[{"href":"https:\/\/www.kovinski-izdelki.si\/si\/wp-json\/wp\/v2\/pages"}],"about":[{"href":"https:\/\/www.kovinski-izdelki.si\/si\/wp-json\/wp\/v2\/types\/page"}],"author":[{"embeddable":true,"href":"https:\/\/www.kovinski-izdelki.si\/si\/wp-json\/wp\/v2\/users\/1"}],"replies":[{"embeddable":true,"href":"https:\/\/www.kovinski-izdelki.si\/si\/wp-json\/wp\/v2\/comments?post=69"}],"version-history":[{"count":34,"href":"https:\/\/www.kovinski-izdelki.si\/si\/wp-json\/wp\/v2\/pages\/69\/revisions"}],"predecessor-version":[{"id":71916,"href":"https:\/\/www.kovinski-izdelki.si\/si\/wp-json\/wp\/v2\/pages\/69\/revisions\/71916"}],"wp:featuredmedia":[{"embeddable":true,"href":"https:\/\/www.kovinski-izdelki.si\/si\/wp-json\/"}],"wp:attachment":[{"href":"https:\/\/www.kovinski-izdelki.si\/si\/wp-json\/wp\/v2\/media?parent=69"}],"curies":[{"name":"wp","href":"https:\/\/api.w.org\/{rel}","templated":true}]}}