{"id":67,"date":"2015-10-07T17:11:24","date_gmt":"2015-10-07T17:11:24","guid":{"rendered":"http:\/\/broker.commercegurus.com\/?page_id=67"},"modified":"2026-03-02T08:27:54","modified_gmt":"2026-03-02T07:27:54","slug":"contact","status":"publish","type":"page","link":"https:\/\/www.kovinski-izdelki.si\/si\/contact\/","title":{"rendered":"KONTAKT"},"content":{"rendered":"<p>[vc_row type=&#8221;container&#8221;][vc_column][vc_column_text css_animation=&#8221;appear&#8221;]<\/p>\n<h3 style=\"text-align: center;\">Kontaktpersonen<\/h3>\n<p>[\/vc_column_text][\/vc_column][\/vc_row][vc_row type=&#8221;container&#8221;][vc_column width=&#8221;1\/4&#8243;][vc_column_text css_animation=&#8221;appear&#8221;]<\/p>\n<h4>Mitja Hrast<\/h4>\n<h6>Direktor<\/h6>\n<p>+386 (40) 502 967[\/vc_column_text][\/vc_column][vc_column width=&#8221;1\/4&#8243;][vc_column_text css_animation=&#8221;appear&#8221;]<\/p>\n<h4>Irena Bre\u0161kon<\/h4>\n<h6>Finanzen<\/h6>\n<p>+386\u00a0(5) 3849120<\/p>\n<p>[\/vc_column_text][\/vc_column][vc_column width=&#8221;1\/4&#8243;][vc_column_text css_animation=&#8221;appear&#8221;]<\/p>\n<h4>Tanja\u00a0Thaler<\/h4>\n<h6>Einkauf, Personal<\/h6>\n<p>+386 (40) 567 797[\/vc_column_text][\/vc_column][\/vc_row][vc_row type=&#8221;container&#8221;][vc_column width=&#8221;1\/4&#8243;][vc_column_text css_animation=&#8221;appear&#8221;]<\/p>\n<h4>Sre\u010dko Ga\u0161perut<\/h4>\n<h6>Qualit\u00e4t<\/h6>\n<p>+386 (41) 988 636[\/vc_column_text][\/vc_column][vc_column width=&#8221;1\/4&#8243;][vc_column_text css_animation=&#8221;appear&#8221;]<\/p>\n<h4>Dijana Popit<\/h4>\n<h6>Logistik zu Kunden<\/h6>\n<p>+386 (41) 481 332[\/vc_column_text][\/vc_column][\/vc_row][vc_row type=&#8221;container&#8221; padding_top=&#8221;&#8221; padding_bottom=&#8221;&#8221; css=&#8221;.vc_custom_1448451830391{margin-bottom: 15px !important;}&#8221;][vc_column][vc_separator color=&#8221;#eeeeee&#8221; type=&#8221;normal&#8221; thickness=&#8221;1&#8243; up=&#8221;&#8221; down=&#8221;&#8221; style=&#8221;&#8221; el_width=&#8221;&#8221;][\/vc_column][\/vc_row][vc_row type=&#8221;container&#8221; padding_top=&#8221;&#8221; padding_bottom=&#8221;&#8221; css=&#8221;.vc_custom_1451776271409{margin-top: 50px !important;margin-bottom: 20px !important;}&#8221;][vc_column width=&#8221;1\/3&#8243;][vc_column_text css_animation=&#8221;appear&#8221; css=&#8221;.vc_custom_1493464730428{margin-bottom: 0px !important;padding-top: 15px !important;padding-right: 20px !important;padding-bottom: 15px !important;padding-left: 20px !important;background-color: #006369 !important;}&#8221;]<span style=\"color: #000000;\"><i class=\"ion-social-linkedin\"><\/i> \u00a0\u00a0<strong>LinkediN<\/strong><\/span>[\/vc_column_text][vc_column_text css_animation=&#8221;appear&#8221; css=&#8221;.vc_custom_1494494431017{padding-top: 18px !important;padding-right: 20px !important;padding-bottom: 53px !important;padding-left: 20px !important;background-color: #609ea1 !important;}&#8221;]<span style=\"color: #000000;\">Schnelle Info? Wenden Sie sich auf uns. LinkediN ist auch eine gute M\u00f6glichkeit um die neuesten Info \u00fcber unsere neuen losgelassenen Produkte zu erhalten.<\/span><\/p>\n<p><a href=\"https:\/\/www.linkedin.com\/company-beta\/16196127\/\" target=\"_blank\" rel=\"noopener noreferrer\"><i class=\"ion-social-linkedin\"><\/i> LinkedIn<\/a>[\/vc_column_text][\/vc_column][vc_column width=&#8221;1\/3&#8243;][vc_column_text css_animation=&#8221;appear&#8221; css=&#8221;.vc_custom_1493464836180{margin-bottom: 0px !important;padding-top: 15px !important;padding-right: 20px !important;padding-bottom: 15px !important;padding-left: 20px !important;background-color: #006369 !important;}&#8221;]<span style=\"color: #000000;\"><i class=\"ion-ios-email-outline\" style=\"font-size: 24px; position: relative; bottom: -3px;\"><\/i> \u00a0 <strong>Email Us<\/strong><\/span>[\/vc_column_text][vc_column_text css_animation=&#8221;appear&#8221; css=&#8221;.vc_custom_1494494560105{padding-top: 18px !important;padding-right: 20px !important;padding-bottom: 25px !important;padding-left: 20px !important;background-color: #609ea1 !important;}&#8221;]<a href=\"mailto:info@kovinski-izdelki.si\">info@kovinski-izdelki.si<\/a>[\/vc_column_text][\/vc_column][vc_column width=&#8221;1\/3&#8243;][vc_column_text css_animation=&#8221;appear&#8221; css=&#8221;.vc_custom_1494494516730{margin-bottom: 0px !important;padding-top: 15px !important;padding-right: 20px !important;padding-bottom: 15px !important;padding-left: 20px !important;background-color: #006369 !important;}&#8221;]<span style=\"color: #000000;\"><i class=\"ion-ios-chatboxes-outline\" style=\"font-size: 24px; position: relative; bottom: -3px;\"><\/i> \u00a0 Rufen Sie uns an<\/span>[\/vc_column_text][vc_column_text css_animation=&#8221;appear&#8221; css=&#8221;.vc_custom_1494494504433{padding-top: 18px !important;padding-right: 20px !important;padding-bottom: 23px !important;padding-left: 20px !important;background-color: #609ea1 !important;}&#8221;]Per Telefon sind wir von Montag bis Freitag von 8 bis 16 Uhr erreichbar.<\/p>\n<p><a href=\"tel:+38653849120\">+386 (5) 3849120<\/a>[\/vc_column_text][\/vc_column][\/vc_row]<\/p>\n","protected":false},"excerpt":{"rendered":"<p>[vc_row type=&#8221;container&#8221;][vc_column][vc_column_text css_animation=&#8221;appear&#8221;] Kontaktpersonen [\/vc_column_text][\/vc_column][\/vc_row][vc_row type=&#8221;container&#8221;][vc_column width=&#8221;1\/4&#8243;][vc_column_text css_animation=&#8221;appear&#8221;] Mitja Hrast Direktor +386 (40) 502 967[\/vc_column_text][\/vc_column][vc_column width=&#8221;1\/4&#8243;][vc_column_text css_animation=&#8221;appear&#8221;] Irena Bre\u0161kon Finanzen +386\u00a0(5) 3849120 [\/vc_column_text][\/vc_column][vc_column width=&#8221;1\/4&#8243;][vc_column_text css_animation=&#8221;appear&#8221;] Tanja\u00a0Thaler Einkauf, Personal +386 (40) 567 797[\/vc_column_text][\/vc_column][\/vc_row][vc_row type=&#8221;container&#8221;][vc_column width=&#8221;1\/4&#8243;][vc_column_text css_animation=&#8221;appear&#8221;] Sre\u010dko Ga\u0161perut Qualit\u00e4t +386 (41) 988 636[\/vc_column_text][\/vc_column][vc_column width=&#8221;1\/4&#8243;][vc_column_text css_animation=&#8221;appear&#8221;] Dijana Popit Logistik zu Kunden +386 (41) 481 332[\/vc_column_text][\/vc_column][\/vc_row][vc_row type=&#8221;container&#8221; padding_top=&#8221;&#8221; [&hellip;]<\/p>\n","protected":false},"author":1,"featured_media":70782,"parent":0,"menu_order":0,"comment_status":"closed","ping_status":"closed","template":"page-full-width.php","meta":{"_acf_changed":false,"_exactmetrics_skip_tracking":false,"_exactmetrics_sitenote_active":false,"_exactmetrics_sitenote_note":"","_exactmetrics_sitenote_category":0,"footnotes":""},"class_list":["post-67","page","type-page","status-publish","has-post-thumbnail","hentry"],"translation":{"provider":"WPGlobus","version":"3.0.2","language":"si","enabled_languages":["en","si","de"],"languages":{"en":{"title":true,"content":true,"excerpt":false},"si":{"title":true,"content":true,"excerpt":false},"de":{"title":true,"content":true,"excerpt":false}}},"acf":[],"yoast_head":"<!-- This site is optimized with the Yoast SEO plugin v27.4 - https:\/\/yoast.com\/product\/yoast-seo-wordpress\/ -->\n<title>KONTAKT - Kovinski izdelki Hrast | Precision turning<\/title>\n<meta name=\"robots\" content=\"index, follow, max-snippet:-1, max-image-preview:large, max-video-preview:-1\" \/>\n<link rel=\"canonical\" href=\"https:\/\/www.kovinski-izdelki.si\/contact\/\" \/>\n<meta property=\"og:locale\" content=\"en_US\" \/>\n<meta property=\"og:type\" content=\"article\" \/>\n<meta property=\"og:title\" content=\"KONTAKT - Kovinski izdelki Hrast | Precision turning\" \/>\n<meta property=\"og:url\" content=\"https:\/\/www.kovinski-izdelki.si\/contact\/\" \/>\n<meta property=\"og:site_name\" content=\"Kovinski izdelki Hrast | Precision turning\" \/>\n<meta property=\"article:modified_time\" content=\"2026-03-02T07:27:54+00:00\" \/>\n<meta name=\"twitter:card\" content=\"summary_large_image\" \/>\n<meta name=\"twitter:label1\" content=\"Est. reading time\" \/>\n\t<meta name=\"twitter:data1\" content=\"1 minute\" \/>\n<script type=\"application\/ld+json\" class=\"yoast-schema-graph\">{\"@context\":\"https:\\\/\\\/schema.org\",\"@graph\":[{\"@type\":\"WebPage\",\"@id\":\"https:\\\/\\\/www.kovinski-izdelki.si\\\/contact\\\/\",\"url\":\"https:\\\/\\\/www.kovinski-izdelki.si\\\/contact\\\/\",\"name\":\"KONTAKT - Kovinski izdelki Hrast | Precision turning\",\"isPartOf\":{\"@id\":\"https:\\\/\\\/www.kovinski-izdelki.si\\\/#website\"},\"primaryImageOfPage\":{\"@id\":\"https:\\\/\\\/www.kovinski-izdelki.si\\\/contact\\\/#primaryimage\"},\"image\":{\"@id\":\"https:\\\/\\\/www.kovinski-izdelki.si\\\/contact\\\/#primaryimage\"},\"thumbnailUrl\":\"\",\"datePublished\":\"2015-10-07T17:11:24+00:00\",\"dateModified\":\"2026-03-02T07:27:54+00:00\",\"breadcrumb\":{\"@id\":\"https:\\\/\\\/www.kovinski-izdelki.si\\\/contact\\\/#breadcrumb\"},\"inLanguage\":\"si-SI\",\"potentialAction\":[{\"@type\":\"ReadAction\",\"target\":[\"https:\\\/\\\/www.kovinski-izdelki.si\\\/contact\\\/\"]}]},{\"@type\":\"ImageObject\",\"inLanguage\":\"si-SI\",\"@id\":\"https:\\\/\\\/www.kovinski-izdelki.si\\\/contact\\\/#primaryimage\",\"url\":\"\",\"contentUrl\":\"\"},{\"@type\":\"BreadcrumbList\",\"@id\":\"https:\\\/\\\/www.kovinski-izdelki.si\\\/contact\\\/#breadcrumb\",\"itemListElement\":[{\"@type\":\"ListItem\",\"position\":1,\"name\":\"Home\",\"item\":\"https:\\\/\\\/www.kovinski-izdelki.si\\\/\"},{\"@type\":\"ListItem\",\"position\":2,\"name\":\"GET IN TOUCH\"}]},{\"@type\":\"WebSite\",\"@id\":\"https:\\\/\\\/www.kovinski-izdelki.si\\\/#website\",\"url\":\"https:\\\/\\\/www.kovinski-izdelki.si\\\/\",\"name\":\"Kovinski izdelki Hrast | Precision turning\",\"description\":\"Kovinski izdelki Hrast- Precision turning\",\"publisher\":{\"@id\":\"https:\\\/\\\/www.kovinski-izdelki.si\\\/#organization\"},\"potentialAction\":[{\"@type\":\"SearchAction\",\"target\":{\"@type\":\"EntryPoint\",\"urlTemplate\":\"https:\\\/\\\/www.kovinski-izdelki.si\\\/?s={search_term_string}\"},\"query-input\":{\"@type\":\"PropertyValueSpecification\",\"valueRequired\":true,\"valueName\":\"search_term_string\"}}],\"inLanguage\":\"si-SI\"},{\"@type\":\"Organization\",\"@id\":\"https:\\\/\\\/www.kovinski-izdelki.si\\\/#organization\",\"name\":\"Kovinski izdelki Hrast d.o.o.\",\"url\":\"https:\\\/\\\/www.kovinski-izdelki.si\\\/\",\"logo\":{\"@type\":\"ImageObject\",\"inLanguage\":\"si-SI\",\"@id\":\"https:\\\/\\\/www.kovinski-izdelki.si\\\/#\\\/schema\\\/logo\\\/image\\\/\",\"url\":\"https:\\\/\\\/www.kovinski-izdelki.si\\\/wp-content\\\/uploads\\\/2017\\\/03\\\/logo.png\",\"contentUrl\":\"https:\\\/\\\/www.kovinski-izdelki.si\\\/wp-content\\\/uploads\\\/2017\\\/03\\\/logo.png\",\"width\":308,\"height\":112,\"caption\":\"Kovinski izdelki Hrast d.o.o.\"},\"image\":{\"@id\":\"https:\\\/\\\/www.kovinski-izdelki.si\\\/#\\\/schema\\\/logo\\\/image\\\/\"}}]}<\/script>\n<!-- \/ Yoast SEO plugin. -->","yoast_head_json":{"title":"KONTAKT - Kovinski izdelki Hrast | Precision turning","robots":{"index":"index","follow":"follow","max-snippet":"max-snippet:-1","max-image-preview":"max-image-preview:large","max-video-preview":"max-video-preview:-1"},"canonical":"https:\/\/www.kovinski-izdelki.si\/contact\/","og_locale":"en_US","og_type":"article","og_title":"KONTAKT - Kovinski izdelki Hrast | Precision turning","og_url":"https:\/\/www.kovinski-izdelki.si\/contact\/","og_site_name":"Kovinski izdelki Hrast | Precision turning","article_modified_time":"2026-03-02T07:27:54+00:00","twitter_card":"summary_large_image","twitter_misc":{"Est. reading time":"1 minute"},"schema":{"@context":"https:\/\/schema.org","@graph":[{"@type":"WebPage","@id":"https:\/\/www.kovinski-izdelki.si\/contact\/","url":"https:\/\/www.kovinski-izdelki.si\/contact\/","name":"KONTAKT - Kovinski izdelki Hrast | Precision turning","isPartOf":{"@id":"https:\/\/www.kovinski-izdelki.si\/#website"},"primaryImageOfPage":{"@id":"https:\/\/www.kovinski-izdelki.si\/contact\/#primaryimage"},"image":{"@id":"https:\/\/www.kovinski-izdelki.si\/contact\/#primaryimage"},"thumbnailUrl":"","datePublished":"2015-10-07T17:11:24+00:00","dateModified":"2026-03-02T07:27:54+00:00","breadcrumb":{"@id":"https:\/\/www.kovinski-izdelki.si\/contact\/#breadcrumb"},"inLanguage":"si-SI","potentialAction":[{"@type":"ReadAction","target":["https:\/\/www.kovinski-izdelki.si\/contact\/"]}]},{"@type":"ImageObject","inLanguage":"si-SI","@id":"https:\/\/www.kovinski-izdelki.si\/contact\/#primaryimage","url":"","contentUrl":""},{"@type":"BreadcrumbList","@id":"https:\/\/www.kovinski-izdelki.si\/contact\/#breadcrumb","itemListElement":[{"@type":"ListItem","position":1,"name":"Home","item":"https:\/\/www.kovinski-izdelki.si\/"},{"@type":"ListItem","position":2,"name":"GET IN TOUCH"}]},{"@type":"WebSite","@id":"https:\/\/www.kovinski-izdelki.si\/#website","url":"https:\/\/www.kovinski-izdelki.si\/","name":"Kovinski izdelki Hrast | Precision turning","description":"Kovinski izdelki Hrast- Precision turning","publisher":{"@id":"https:\/\/www.kovinski-izdelki.si\/#organization"},"potentialAction":[{"@type":"SearchAction","target":{"@type":"EntryPoint","urlTemplate":"https:\/\/www.kovinski-izdelki.si\/?s={search_term_string}"},"query-input":{"@type":"PropertyValueSpecification","valueRequired":true,"valueName":"search_term_string"}}],"inLanguage":"si-SI"},{"@type":"Organization","@id":"https:\/\/www.kovinski-izdelki.si\/#organization","name":"Kovinski izdelki Hrast d.o.o.","url":"https:\/\/www.kovinski-izdelki.si\/","logo":{"@type":"ImageObject","inLanguage":"si-SI","@id":"https:\/\/www.kovinski-izdelki.si\/#\/schema\/logo\/image\/","url":"https:\/\/www.kovinski-izdelki.si\/wp-content\/uploads\/2017\/03\/logo.png","contentUrl":"https:\/\/www.kovinski-izdelki.si\/wp-content\/uploads\/2017\/03\/logo.png","width":308,"height":112,"caption":"Kovinski izdelki Hrast d.o.o."},"image":{"@id":"https:\/\/www.kovinski-izdelki.si\/#\/schema\/logo\/image\/"}}]}},"_links":{"self":[{"href":"https:\/\/www.kovinski-izdelki.si\/si\/wp-json\/wp\/v2\/pages\/67","targetHints":{"allow":["GET"]}}],"collection":[{"href":"https:\/\/www.kovinski-izdelki.si\/si\/wp-json\/wp\/v2\/pages"}],"about":[{"href":"https:\/\/www.kovinski-izdelki.si\/si\/wp-json\/wp\/v2\/types\/page"}],"author":[{"embeddable":true,"href":"https:\/\/www.kovinski-izdelki.si\/si\/wp-json\/wp\/v2\/users\/1"}],"replies":[{"embeddable":true,"href":"https:\/\/www.kovinski-izdelki.si\/si\/wp-json\/wp\/v2\/comments?post=67"}],"version-history":[{"count":86,"href":"https:\/\/www.kovinski-izdelki.si\/si\/wp-json\/wp\/v2\/pages\/67\/revisions"}],"predecessor-version":[{"id":71913,"href":"https:\/\/www.kovinski-izdelki.si\/si\/wp-json\/wp\/v2\/pages\/67\/revisions\/71913"}],"wp:featuredmedia":[{"embeddable":true,"href":"https:\/\/www.kovinski-izdelki.si\/si\/wp-json\/"}],"wp:attachment":[{"href":"https:\/\/www.kovinski-izdelki.si\/si\/wp-json\/wp\/v2\/media?parent=67"}],"curies":[{"name":"wp","href":"https:\/\/api.w.org\/{rel}","templated":true}]}}