{"id":71105,"date":"2017-03-19T10:48:10","date_gmt":"2017-03-19T09:48:10","guid":{"rendered":"http:\/\/novastran.kovinski-izdelki.si\/?page_id=71105"},"modified":"2026-02-23T10:25:34","modified_gmt":"2026-02-23T09:25:34","slug":"product-development","status":"publish","type":"page","link":"https:\/\/www.kovinski-izdelki.si\/de\/products\/product-development\/","title":{"rendered":"PRODUKTENTWICKLUNG"},"content":{"rendered":"<p>[vc_row type=&#8221;container&#8221;][vc_column][vc_column_text css_animation=&#8221;appear&#8221;]<\/p>\n<p>Wir \u00fcbernehmen neue Produkte in enger Zusammenarbeit mit Kunden. Wir sind als Entwicklungslieferant anerkannt. Wir entwickeln neue Produkte gemeinsam mit Kunden, nach Kundenspezifikation und durch Bestimmung von optimalen Geometrien f\u00fcr die Bearbeitung um so die optimale Qualit\u00e4t und Preis zu gew\u00e4hrleisten.<\/p>\n<p>Mit der Absicht von kurzen Liefertermine haben wir ins Prozess das Projektmanagement und die paralelle Entwicklung eingef\u00fchrt. Projekte sind nach Richtlinien ISO\/ TS 16949 gef\u00fchrt.<\/p>\n<p>[\/vc_column_text][\/vc_column][\/vc_row][vc_row type=&#8221;container&#8221;][vc_column width=&#8221;1\/3&#8243;][vc_single_image image=&#8221;71414&#8243; alignment=&#8221;center&#8221; style=&#8221;vc_box_shadow_3d&#8221; onclick=&#8221;link_image&#8221; css_animation=&#8221;appear&#8221;][\/vc_column][vc_column width=&#8221;1\/3&#8243;][vc_single_image image=&#8221;71413&#8243; alignment=&#8221;center&#8221; style=&#8221;vc_box_shadow_3d&#8221; onclick=&#8221;link_image&#8221; css_animation=&#8221;appear&#8221;][\/vc_column][vc_column width=&#8221;1\/3&#8243;][vc_single_image image=&#8221;71412&#8243; alignment=&#8221;center&#8221; style=&#8221;vc_box_shadow_3d&#8221; onclick=&#8221;link_image&#8221; css_animation=&#8221;appear&#8221;][\/vc_column][\/vc_row]<\/p>\n","protected":false},"excerpt":{"rendered":"<p>[vc_row type=&#8221;container&#8221;][vc_column][vc_column_text css_animation=&#8221;appear&#8221;] Wir \u00fcbernehmen neue Produkte in enger Zusammenarbeit mit Kunden. Wir sind als Entwicklungslieferant anerkannt. Wir entwickeln neue Produkte gemeinsam mit Kunden, nach Kundenspezifikation und durch Bestimmung von optimalen Geometrien f\u00fcr die Bearbeitung um so die optimale Qualit\u00e4t und Preis zu gew\u00e4hrleisten. Mit der Absicht von kurzen Liefertermine haben wir ins Prozess das [&hellip;]<\/p>\n","protected":false},"author":1,"featured_media":0,"parent":71098,"menu_order":0,"comment_status":"closed","ping_status":"closed","template":"page-full-width.php","meta":{"_acf_changed":false,"_exactmetrics_skip_tracking":false,"_exactmetrics_sitenote_active":false,"_exactmetrics_sitenote_note":"","_exactmetrics_sitenote_category":0,"footnotes":""},"class_list":["post-71105","page","type-page","status-publish","hentry"],"translation":{"provider":"WPGlobus","version":"3.0.2","language":"de","enabled_languages":["en","si","de"],"languages":{"en":{"title":true,"content":true,"excerpt":false},"si":{"title":true,"content":true,"excerpt":false},"de":{"title":true,"content":true,"excerpt":false}}},"acf":[],"yoast_head":"<!-- This site is optimized with the Yoast SEO plugin v27.5 - https:\/\/yoast.com\/product\/yoast-seo-wordpress\/ -->\n<title>PRODUKTENTWICKLUNG - Kovinski izdelki Hrast | Precision turning<\/title>\n<meta name=\"robots\" content=\"index, follow, max-snippet:-1, max-image-preview:large, max-video-preview:-1\" \/>\n<link rel=\"canonical\" href=\"https:\/\/www.kovinski-izdelki.si\/products\/product-development\/\" \/>\n<meta property=\"og:locale\" content=\"de_DE\" \/>\n<meta property=\"og:type\" content=\"article\" \/>\n<meta property=\"og:title\" content=\"PRODUKTENTWICKLUNG - Kovinski izdelki Hrast | Precision turning\" \/>\n<meta property=\"og:url\" content=\"https:\/\/www.kovinski-izdelki.si\/products\/product-development\/\" \/>\n<meta property=\"og:site_name\" content=\"Kovinski izdelki Hrast | Precision turning\" \/>\n<meta property=\"article:modified_time\" content=\"2026-02-23T09:25:34+00:00\" \/>\n<meta name=\"twitter:card\" content=\"summary_large_image\" \/>\n<meta name=\"twitter:label1\" content=\"Est. reading time\" \/>\n\t<meta name=\"twitter:data1\" content=\"1 minute\" \/>\n<script type=\"application\/ld+json\" class=\"yoast-schema-graph\">{\"@context\":\"https:\\\/\\\/schema.org\",\"@graph\":[{\"@type\":\"WebPage\",\"@id\":\"https:\\\/\\\/www.kovinski-izdelki.si\\\/products\\\/product-development\\\/\",\"url\":\"https:\\\/\\\/www.kovinski-izdelki.si\\\/products\\\/product-development\\\/\",\"name\":\"PRODUKTENTWICKLUNG - Kovinski izdelki Hrast | Precision turning\",\"isPartOf\":{\"@id\":\"https:\\\/\\\/www.kovinski-izdelki.si\\\/#website\"},\"datePublished\":\"2017-03-19T09:48:10+00:00\",\"dateModified\":\"2026-02-23T09:25:34+00:00\",\"breadcrumb\":{\"@id\":\"https:\\\/\\\/www.kovinski-izdelki.si\\\/products\\\/product-development\\\/#breadcrumb\"},\"inLanguage\":\"de-DE\",\"potentialAction\":[{\"@type\":\"ReadAction\",\"target\":[\"https:\\\/\\\/www.kovinski-izdelki.si\\\/products\\\/product-development\\\/\"]}]},{\"@type\":\"BreadcrumbList\",\"@id\":\"https:\\\/\\\/www.kovinski-izdelki.si\\\/products\\\/product-development\\\/#breadcrumb\",\"itemListElement\":[{\"@type\":\"ListItem\",\"position\":1,\"name\":\"Home\",\"item\":\"https:\\\/\\\/www.kovinski-izdelki.si\\\/\"},{\"@type\":\"ListItem\",\"position\":2,\"name\":\"Products\",\"item\":\"https:\\\/\\\/www.kovinski-izdelki.si\\\/products\\\/\"},{\"@type\":\"ListItem\",\"position\":3,\"name\":\"PRODUCT DEVELOPMENT\"}]},{\"@type\":\"WebSite\",\"@id\":\"https:\\\/\\\/www.kovinski-izdelki.si\\\/#website\",\"url\":\"https:\\\/\\\/www.kovinski-izdelki.si\\\/\",\"name\":\"Kovinski izdelki Hrast | Precision turning\",\"description\":\"Kovinski izdelki Hrast - Precision turning\",\"publisher\":{\"@id\":\"https:\\\/\\\/www.kovinski-izdelki.si\\\/#organization\"},\"potentialAction\":[{\"@type\":\"SearchAction\",\"target\":{\"@type\":\"EntryPoint\",\"urlTemplate\":\"https:\\\/\\\/www.kovinski-izdelki.si\\\/?s={search_term_string}\"},\"query-input\":{\"@type\":\"PropertyValueSpecification\",\"valueRequired\":true,\"valueName\":\"search_term_string\"}}],\"inLanguage\":\"de-DE\"},{\"@type\":\"Organization\",\"@id\":\"https:\\\/\\\/www.kovinski-izdelki.si\\\/#organization\",\"name\":\"Kovinski izdelki Hrast d.o.o.\",\"url\":\"https:\\\/\\\/www.kovinski-izdelki.si\\\/\",\"logo\":{\"@type\":\"ImageObject\",\"inLanguage\":\"de-DE\",\"@id\":\"https:\\\/\\\/www.kovinski-izdelki.si\\\/#\\\/schema\\\/logo\\\/image\\\/\",\"url\":\"https:\\\/\\\/www.kovinski-izdelki.si\\\/wp-content\\\/uploads\\\/2017\\\/03\\\/logo.png\",\"contentUrl\":\"https:\\\/\\\/www.kovinski-izdelki.si\\\/wp-content\\\/uploads\\\/2017\\\/03\\\/logo.png\",\"width\":308,\"height\":112,\"caption\":\"Kovinski izdelki Hrast d.o.o.\"},\"image\":{\"@id\":\"https:\\\/\\\/www.kovinski-izdelki.si\\\/#\\\/schema\\\/logo\\\/image\\\/\"}}]}<\/script>\n<!-- \/ Yoast SEO plugin. -->","yoast_head_json":{"title":"PRODUKTENTWICKLUNG - Kovinski izdelki Hrast | Precision turning","robots":{"index":"index","follow":"follow","max-snippet":"max-snippet:-1","max-image-preview":"max-image-preview:large","max-video-preview":"max-video-preview:-1"},"canonical":"https:\/\/www.kovinski-izdelki.si\/products\/product-development\/","og_locale":"de_DE","og_type":"article","og_title":"PRODUKTENTWICKLUNG - Kovinski izdelki Hrast | Precision turning","og_url":"https:\/\/www.kovinski-izdelki.si\/products\/product-development\/","og_site_name":"Kovinski izdelki Hrast | Precision turning","article_modified_time":"2026-02-23T09:25:34+00:00","twitter_card":"summary_large_image","twitter_misc":{"Est. reading time":"1 minute"},"schema":{"@context":"https:\/\/schema.org","@graph":[{"@type":"WebPage","@id":"https:\/\/www.kovinski-izdelki.si\/products\/product-development\/","url":"https:\/\/www.kovinski-izdelki.si\/products\/product-development\/","name":"PRODUKTENTWICKLUNG - Kovinski izdelki Hrast | Precision turning","isPartOf":{"@id":"https:\/\/www.kovinski-izdelki.si\/#website"},"datePublished":"2017-03-19T09:48:10+00:00","dateModified":"2026-02-23T09:25:34+00:00","breadcrumb":{"@id":"https:\/\/www.kovinski-izdelki.si\/products\/product-development\/#breadcrumb"},"inLanguage":"de-DE","potentialAction":[{"@type":"ReadAction","target":["https:\/\/www.kovinski-izdelki.si\/products\/product-development\/"]}]},{"@type":"BreadcrumbList","@id":"https:\/\/www.kovinski-izdelki.si\/products\/product-development\/#breadcrumb","itemListElement":[{"@type":"ListItem","position":1,"name":"Home","item":"https:\/\/www.kovinski-izdelki.si\/"},{"@type":"ListItem","position":2,"name":"Products","item":"https:\/\/www.kovinski-izdelki.si\/products\/"},{"@type":"ListItem","position":3,"name":"PRODUCT DEVELOPMENT"}]},{"@type":"WebSite","@id":"https:\/\/www.kovinski-izdelki.si\/#website","url":"https:\/\/www.kovinski-izdelki.si\/","name":"Kovinski izdelki Hrast | Precision turning","description":"Kovinski izdelki Hrast - Precision turning","publisher":{"@id":"https:\/\/www.kovinski-izdelki.si\/#organization"},"potentialAction":[{"@type":"SearchAction","target":{"@type":"EntryPoint","urlTemplate":"https:\/\/www.kovinski-izdelki.si\/?s={search_term_string}"},"query-input":{"@type":"PropertyValueSpecification","valueRequired":true,"valueName":"search_term_string"}}],"inLanguage":"de-DE"},{"@type":"Organization","@id":"https:\/\/www.kovinski-izdelki.si\/#organization","name":"Kovinski izdelki Hrast d.o.o.","url":"https:\/\/www.kovinski-izdelki.si\/","logo":{"@type":"ImageObject","inLanguage":"de-DE","@id":"https:\/\/www.kovinski-izdelki.si\/#\/schema\/logo\/image\/","url":"https:\/\/www.kovinski-izdelki.si\/wp-content\/uploads\/2017\/03\/logo.png","contentUrl":"https:\/\/www.kovinski-izdelki.si\/wp-content\/uploads\/2017\/03\/logo.png","width":308,"height":112,"caption":"Kovinski izdelki Hrast d.o.o."},"image":{"@id":"https:\/\/www.kovinski-izdelki.si\/#\/schema\/logo\/image\/"}}]}},"_links":{"self":[{"href":"https:\/\/www.kovinski-izdelki.si\/de\/wp-json\/wp\/v2\/pages\/71105","targetHints":{"allow":["GET"]}}],"collection":[{"href":"https:\/\/www.kovinski-izdelki.si\/de\/wp-json\/wp\/v2\/pages"}],"about":[{"href":"https:\/\/www.kovinski-izdelki.si\/de\/wp-json\/wp\/v2\/types\/page"}],"author":[{"embeddable":true,"href":"https:\/\/www.kovinski-izdelki.si\/de\/wp-json\/wp\/v2\/users\/1"}],"replies":[{"embeddable":true,"href":"https:\/\/www.kovinski-izdelki.si\/de\/wp-json\/wp\/v2\/comments?post=71105"}],"version-history":[{"count":12,"href":"https:\/\/www.kovinski-izdelki.si\/de\/wp-json\/wp\/v2\/pages\/71105\/revisions"}],"predecessor-version":[{"id":71912,"href":"https:\/\/www.kovinski-izdelki.si\/de\/wp-json\/wp\/v2\/pages\/71105\/revisions\/71912"}],"up":[{"embeddable":true,"href":"https:\/\/www.kovinski-izdelki.si\/de\/wp-json\/wp\/v2\/pages\/71098"}],"wp:attachment":[{"href":"https:\/\/www.kovinski-izdelki.si\/de\/wp-json\/wp\/v2\/media?parent=71105"}],"curies":[{"name":"wp","href":"https:\/\/api.w.org\/{rel}","templated":true}]}}